{"id":1398,"date":"2024-06-07T02:54:33","date_gmt":"2024-06-07T02:54:33","guid":{"rendered":"https:\/\/novaptech.com\/?page_id=1398"},"modified":"2025-02-11T14:20:14","modified_gmt":"2025-02-11T14:20:14","slug":"targeted-delivery-aptamer-conjugated-particles","status":"publish","type":"page","link":"https:\/\/novaptech.com\/en\/portfolio_page\/targeted-delivery-aptamer-conjugated-particles\/","title":{"rendered":"Targeted delivery by aptamer-conjugated particles"},"content":{"rendered":"\t\t<div data-elementor-type=\"wp-page\" data-elementor-id=\"1398\" class=\"elementor elementor-1398\">\n\t\t\t\t<div class=\"elementor-element elementor-element-6b1a165 e-flex e-con-boxed wpr-particle-no wpr-jarallax-no wpr-parallax-no wpr-sticky-section-no e-con e-parent\" data-id=\"6b1a165\" data-element_type=\"container\" data-e-type=\"container\">\n\t\t\t\t\t<div class=\"e-con-inner\">\n\t\t\t\t<div class=\"elementor-element elementor-element-d3d2d1b elementor-widget elementor-widget-heading\" data-id=\"d3d2d1b\" data-element_type=\"widget\" data-e-type=\"widget\" data-widget_type=\"heading.default\">\n\t\t\t\t<div class=\"elementor-widget-container\">\n\t\t\t\t\t<h1 class=\"elementor-heading-title elementor-size-default\">Targeted delivery by aptamer-conjugated particles<\/h1>\t\t\t\t<\/div>\n\t\t\t\t<\/div>\n\t\t\t\t<div class=\"elementor-element elementor-element-67ae0fa elementor-widget elementor-widget-text-editor\" data-id=\"67ae0fa\" data-element_type=\"widget\" data-e-type=\"widget\" data-widget_type=\"text-editor.default\">\n\t\t\t\t<div class=\"elementor-widget-container\">\n\t\t\t\t\t\t\t\t\t<p>Aptamers can be raised against membrane markers and receptors. They can be conjugated to drugs, including therapeutic oligonucleotides (siRNA). Such aptamers are easily associated\/conjugated to nanoparticles or nanomaterials that can be loaded with drugs. Such conjugates are of interest for targeted delivery and theranostics.<\/p><p><span style=\"color: #808080;\">See for instance an application to Duchenne muscular Dystrophy:\u00a0<\/span><\/p><p><span style=\"color: #808080;\">Millozzi, F., Mil\u00e1n-Rois, P., Sett, A., Delli Carpini, G., De Bardi, M., Gisbert-Garzar\u00e1n, M., Sandon\u00e0, M., Rodr\u00edguez-D\u00edaz, C., Mart\u00ednez-Mingo, M., Pardo, I., Esposito, F., Viscomi, M. T., Bouch\u00e9, M., Parolini, O., Saccone, V., Toulm\u00e9, J.-J., Somoza, \u00c1., &amp; Palacios, D. (2025). <strong><a style=\"color: #808080;\" href=\"https:\/\/www.nature.com\/articles\/s41467-024-55223-9\" target=\"_blank\" rel=\"noopener\">Aptamer-conjugated gold nanoparticles enable oligonucleotide delivery into muscle stem cells to promote regeneration of dystrophic muscles<\/a>.<\/strong> <em>Nature Communications<\/em>, <strong>16<\/strong>, Article 577.<\/span><\/p>\t\t\t\t\t\t\t\t<\/div>\n\t\t\t\t<\/div>\n\t\t\t\t\t<\/div>\n\t\t\t\t<\/div>\n\t\t\t\t<\/div>\n\t\t","protected":false},"excerpt":{"rendered":"<p>Targeted delivery by aptamer-conjugated particles Aptamers can be raised against membrane markers and receptors. They can be conjugated to drugs, including therapeutic oligonucleotides (siRNA). Such aptamers are easily associated\/conjugated to nanoparticles or nanomaterials that can be loaded with drugs. Such conjugates are of interest for targeted delivery and theranostics. See for instance an application to Duchenne muscular Dystrophy:\u00a0 Millozzi, F., Mil\u00e1n-Rois, P., Sett, A., Delli Carpini, G., De Bardi, M., Gisbert-Garzar\u00e1n, M., Sandon\u00e0, M., Rodr\u00edguez-D\u00edaz, C., Mart\u00ednez-Mingo, M., Pardo, I., Esposito, F., Viscomi, M. T., Bouch\u00e9, M., Parolini, O., Saccone, V., Toulm\u00e9, J.-J., Somoza, \u00c1., &amp; Palacios, D. (2025). Aptamer-conjugated gold nanoparticles enable oligonucleotide delivery into muscle stem cells to promote regeneration of dystrophic muscles. Nature Communications, 16, Article 577.<\/p>\n","protected":false},"author":1,"featured_media":0,"parent":1339,"menu_order":0,"comment_status":"closed","ping_status":"closed","template":"elementor_header_footer","meta":{"footnotes":""},"class_list":["post-1398","page","type-page","status-publish","hentry"],"yoast_head":"<!-- This site is optimized with the Yoast SEO plugin v27.2 - https:\/\/yoast.com\/product\/yoast-seo-wordpress\/ -->\n<title>Targeted delivery by aptamer-conjugated particles - Novaptech<\/title>\n<meta name=\"robots\" content=\"index, follow, max-snippet:-1, max-image-preview:large, max-video-preview:-1\" \/>\n<link rel=\"canonical\" href=\"https:\/\/novaptech.com\/en\/portfolio_page\/targeted-delivery-aptamer-conjugated-particles\/\" \/>\n<meta property=\"og:locale\" content=\"en_US\" \/>\n<meta property=\"og:type\" content=\"article\" \/>\n<meta property=\"og:title\" content=\"Targeted delivery by aptamer-conjugated particles - Novaptech\" \/>\n<meta property=\"og:description\" content=\"Targeted delivery by aptamer-conjugated particles Aptamers can be raised against membrane markers and receptors. They can be conjugated to drugs, including therapeutic oligonucleotides (siRNA). Such aptamers are easily associated\/conjugated to nanoparticles or nanomaterials that can be loaded with drugs. Such conjugates are of interest for targeted delivery and theranostics. See for instance an application to Duchenne muscular Dystrophy:\u00a0 Millozzi, F., Mil\u00e1n-Rois, P., Sett, A., Delli Carpini, G., De Bardi, M., Gisbert-Garzar\u00e1n, M., Sandon\u00e0, M., Rodr\u00edguez-D\u00edaz, C., Mart\u00ednez-Mingo, M., Pardo, I., Esposito, F., Viscomi, M. T., Bouch\u00e9, M., Parolini, O., Saccone, V., Toulm\u00e9, J.-J., Somoza, \u00c1., &amp; Palacios, D. (2025). Aptamer-conjugated gold nanoparticles enable oligonucleotide delivery into muscle stem cells to promote regeneration of dystrophic muscles. Nature Communications, 16, Article 577.\" \/>\n<meta property=\"og:url\" content=\"https:\/\/novaptech.com\/en\/portfolio_page\/targeted-delivery-aptamer-conjugated-particles\/\" \/>\n<meta property=\"og:site_name\" content=\"Novaptech\" \/>\n<meta property=\"article:modified_time\" content=\"2025-02-11T14:20:14+00:00\" \/>\n<meta name=\"twitter:card\" content=\"summary_large_image\" \/>\n<meta name=\"twitter:label1\" content=\"Est. reading time\" \/>\n\t<meta name=\"twitter:data1\" content=\"1 minute\" \/>\n<script type=\"application\/ld+json\" class=\"yoast-schema-graph\">{\"@context\":\"https:\/\/schema.org\",\"@graph\":[{\"@type\":\"WebPage\",\"@id\":\"https:\/\/novaptech.com\/portfolio_page\/targeted-delivery-aptamer-conjugated-particles\/\",\"url\":\"https:\/\/novaptech.com\/portfolio_page\/targeted-delivery-aptamer-conjugated-particles\/\",\"name\":\"Targeted delivery by aptamer-conjugated particles - Novaptech\",\"isPartOf\":{\"@id\":\"https:\/\/novaptech.com\/en\/#website\"},\"datePublished\":\"2024-06-07T02:54:33+00:00\",\"dateModified\":\"2025-02-11T14:20:14+00:00\",\"breadcrumb\":{\"@id\":\"https:\/\/novaptech.com\/portfolio_page\/targeted-delivery-aptamer-conjugated-particles\/#breadcrumb\"},\"inLanguage\":\"en-US\",\"potentialAction\":[{\"@type\":\"ReadAction\",\"target\":[\"https:\/\/novaptech.com\/portfolio_page\/targeted-delivery-aptamer-conjugated-particles\/\"]}]},{\"@type\":\"BreadcrumbList\",\"@id\":\"https:\/\/novaptech.com\/portfolio_page\/targeted-delivery-aptamer-conjugated-particles\/#breadcrumb\",\"itemListElement\":[{\"@type\":\"ListItem\",\"position\":1,\"name\":\"Home\",\"item\":\"https:\/\/novaptech.com\/en\/\"},{\"@type\":\"ListItem\",\"position\":2,\"name\":\"Portfolio page\",\"item\":\"https:\/\/novaptech.com\/portfolio_page\/\"},{\"@type\":\"ListItem\",\"position\":3,\"name\":\"Targeted delivery by aptamer-conjugated particles\"}]},{\"@type\":\"WebSite\",\"@id\":\"https:\/\/novaptech.com\/en\/#website\",\"url\":\"https:\/\/novaptech.com\/en\/\",\"name\":\"Novaptech\",\"description\":\"\",\"publisher\":{\"@id\":\"https:\/\/novaptech.com\/en\/#organization\"},\"potentialAction\":[{\"@type\":\"SearchAction\",\"target\":{\"@type\":\"EntryPoint\",\"urlTemplate\":\"https:\/\/novaptech.com\/en\/?s={search_term_string}\"},\"query-input\":{\"@type\":\"PropertyValueSpecification\",\"valueRequired\":true,\"valueName\":\"search_term_string\"}}],\"inLanguage\":\"en-US\"},{\"@type\":\"Organization\",\"@id\":\"https:\/\/novaptech.com\/en\/#organization\",\"name\":\"Novaptech\",\"url\":\"https:\/\/novaptech.com\/en\/\",\"logo\":{\"@type\":\"ImageObject\",\"inLanguage\":\"en-US\",\"@id\":\"https:\/\/novaptech.com\/en\/#\/schema\/logo\/image\/\",\"url\":\"https:\/\/novaptech.com\/wp-content\/uploads\/2024\/06\/cropped-LOGO.png\",\"contentUrl\":\"https:\/\/novaptech.com\/wp-content\/uploads\/2024\/06\/cropped-LOGO.png\",\"width\":335,\"height\":140,\"caption\":\"Novaptech\"},\"image\":{\"@id\":\"https:\/\/novaptech.com\/en\/#\/schema\/logo\/image\/\"}}]}<\/script>\n<!-- \/ Yoast SEO plugin. -->","yoast_head_json":{"title":"Targeted delivery by aptamer-conjugated particles - Novaptech","robots":{"index":"index","follow":"follow","max-snippet":"max-snippet:-1","max-image-preview":"max-image-preview:large","max-video-preview":"max-video-preview:-1"},"canonical":"https:\/\/novaptech.com\/en\/portfolio_page\/targeted-delivery-aptamer-conjugated-particles\/","og_locale":"en_US","og_type":"article","og_title":"Targeted delivery by aptamer-conjugated particles - Novaptech","og_description":"Targeted delivery by aptamer-conjugated particles Aptamers can be raised against membrane markers and receptors. They can be conjugated to drugs, including therapeutic oligonucleotides (siRNA). Such aptamers are easily associated\/conjugated to nanoparticles or nanomaterials that can be loaded with drugs. Such conjugates are of interest for targeted delivery and theranostics. See for instance an application to Duchenne muscular Dystrophy:\u00a0 Millozzi, F., Mil\u00e1n-Rois, P., Sett, A., Delli Carpini, G., De Bardi, M., Gisbert-Garzar\u00e1n, M., Sandon\u00e0, M., Rodr\u00edguez-D\u00edaz, C., Mart\u00ednez-Mingo, M., Pardo, I., Esposito, F., Viscomi, M. T., Bouch\u00e9, M., Parolini, O., Saccone, V., Toulm\u00e9, J.-J., Somoza, \u00c1., &amp; Palacios, D. (2025). Aptamer-conjugated gold nanoparticles enable oligonucleotide delivery into muscle stem cells to promote regeneration of dystrophic muscles. Nature Communications, 16, Article 577.","og_url":"https:\/\/novaptech.com\/en\/portfolio_page\/targeted-delivery-aptamer-conjugated-particles\/","og_site_name":"Novaptech","article_modified_time":"2025-02-11T14:20:14+00:00","twitter_card":"summary_large_image","twitter_misc":{"Est. reading time":"1 minute"},"schema":{"@context":"https:\/\/schema.org","@graph":[{"@type":"WebPage","@id":"https:\/\/novaptech.com\/portfolio_page\/targeted-delivery-aptamer-conjugated-particles\/","url":"https:\/\/novaptech.com\/portfolio_page\/targeted-delivery-aptamer-conjugated-particles\/","name":"Targeted delivery by aptamer-conjugated particles - Novaptech","isPartOf":{"@id":"https:\/\/novaptech.com\/en\/#website"},"datePublished":"2024-06-07T02:54:33+00:00","dateModified":"2025-02-11T14:20:14+00:00","breadcrumb":{"@id":"https:\/\/novaptech.com\/portfolio_page\/targeted-delivery-aptamer-conjugated-particles\/#breadcrumb"},"inLanguage":"en-US","potentialAction":[{"@type":"ReadAction","target":["https:\/\/novaptech.com\/portfolio_page\/targeted-delivery-aptamer-conjugated-particles\/"]}]},{"@type":"BreadcrumbList","@id":"https:\/\/novaptech.com\/portfolio_page\/targeted-delivery-aptamer-conjugated-particles\/#breadcrumb","itemListElement":[{"@type":"ListItem","position":1,"name":"Home","item":"https:\/\/novaptech.com\/en\/"},{"@type":"ListItem","position":2,"name":"Portfolio page","item":"https:\/\/novaptech.com\/portfolio_page\/"},{"@type":"ListItem","position":3,"name":"Targeted delivery by aptamer-conjugated particles"}]},{"@type":"WebSite","@id":"https:\/\/novaptech.com\/en\/#website","url":"https:\/\/novaptech.com\/en\/","name":"Novaptech","description":"","publisher":{"@id":"https:\/\/novaptech.com\/en\/#organization"},"potentialAction":[{"@type":"SearchAction","target":{"@type":"EntryPoint","urlTemplate":"https:\/\/novaptech.com\/en\/?s={search_term_string}"},"query-input":{"@type":"PropertyValueSpecification","valueRequired":true,"valueName":"search_term_string"}}],"inLanguage":"en-US"},{"@type":"Organization","@id":"https:\/\/novaptech.com\/en\/#organization","name":"Novaptech","url":"https:\/\/novaptech.com\/en\/","logo":{"@type":"ImageObject","inLanguage":"en-US","@id":"https:\/\/novaptech.com\/en\/#\/schema\/logo\/image\/","url":"https:\/\/novaptech.com\/wp-content\/uploads\/2024\/06\/cropped-LOGO.png","contentUrl":"https:\/\/novaptech.com\/wp-content\/uploads\/2024\/06\/cropped-LOGO.png","width":335,"height":140,"caption":"Novaptech"},"image":{"@id":"https:\/\/novaptech.com\/en\/#\/schema\/logo\/image\/"}}]}},"_links":{"self":[{"href":"https:\/\/novaptech.com\/en\/wp-json\/wp\/v2\/pages\/1398","targetHints":{"allow":["GET"]}}],"collection":[{"href":"https:\/\/novaptech.com\/en\/wp-json\/wp\/v2\/pages"}],"about":[{"href":"https:\/\/novaptech.com\/en\/wp-json\/wp\/v2\/types\/page"}],"author":[{"embeddable":true,"href":"https:\/\/novaptech.com\/en\/wp-json\/wp\/v2\/users\/1"}],"replies":[{"embeddable":true,"href":"https:\/\/novaptech.com\/en\/wp-json\/wp\/v2\/comments?post=1398"}],"version-history":[{"count":13,"href":"https:\/\/novaptech.com\/en\/wp-json\/wp\/v2\/pages\/1398\/revisions"}],"predecessor-version":[{"id":3447,"href":"https:\/\/novaptech.com\/en\/wp-json\/wp\/v2\/pages\/1398\/revisions\/3447"}],"up":[{"embeddable":true,"href":"https:\/\/novaptech.com\/en\/wp-json\/wp\/v2\/pages\/1339"}],"wp:attachment":[{"href":"https:\/\/novaptech.com\/en\/wp-json\/wp\/v2\/media?parent=1398"}],"curies":[{"name":"wp","href":"https:\/\/api.w.org\/{rel}","templated":true}]}}