{"id":1068,"date":"2024-06-02T12:32:12","date_gmt":"2024-06-02T12:32:12","guid":{"rendered":"https:\/\/novaptech.com\/?page_id=1068"},"modified":"2025-03-03T17:08:38","modified_gmt":"2025-03-03T17:08:38","slug":"biotechnology-jobs-bordeaux-france","status":"publish","type":"page","link":"https:\/\/novaptech.com\/fr\/biotechnology-jobs-bordeaux-france\/","title":{"rendered":"Carri\u00e8res"},"content":{"rendered":"<div data-elementor-type=\"wp-page\" data-elementor-id=\"1068\" class=\"elementor elementor-1068\">\n\t\t\t\t<div class=\"elementor-element elementor-element-103bc86 e-flex e-con-boxed wpr-particle-no wpr-jarallax-no wpr-parallax-no wpr-sticky-section-no e-con e-parent\" data-id=\"103bc86\" data-element_type=\"container\" data-e-type=\"container\">\n\t\t\t\t\t<div class=\"e-con-inner\">\n\t\t<div class=\"elementor-element elementor-element-2dd5485 e-flex e-con-boxed wpr-particle-no wpr-jarallax-no wpr-parallax-no wpr-sticky-section-no e-con e-child\" data-id=\"2dd5485\" data-element_type=\"container\" data-e-type=\"container\">\n\t\t\t\t\t<div class=\"e-con-inner\">\n\t\t\t\t<div class=\"elementor-element elementor-element-47c938f elementor-widget elementor-widget-heading\" data-id=\"47c938f\" data-element_type=\"widget\" data-e-type=\"widget\" data-widget_type=\"heading.default\">\n\t\t\t\t<div class=\"elementor-widget-container\">\n\t\t\t\t\t<h1 class=\"elementor-heading-title elementor-size-default\">\nEmplois Biotechnologie \u2013 Bordeaux \u2013 France<\/h1>\t\t\t\t<\/div>\n\t\t\t\t<\/div>\n\t\t\t\t<div class=\"elementor-element elementor-element-ed9aab0 elementor-widget elementor-widget-heading\" data-id=\"ed9aab0\" data-element_type=\"widget\" data-e-type=\"widget\" data-widget_type=\"heading.default\">\n\t\t\t\t<div class=\"elementor-widget-container\">\n\t\t\t\t\t<h2 class=\"elementor-heading-title elementor-size-default\">Carri\u00e8res<\/h2>\t\t\t\t<\/div>\n\t\t\t\t<\/div>\n\t\t\t\t<div class=\"elementor-element elementor-element-12dc217 elementor-widget elementor-widget-text-editor\" data-id=\"12dc217\" data-element_type=\"widget\" data-e-type=\"widget\" data-widget_type=\"text-editor.default\">\n\t\t\t\t<div class=\"elementor-widget-container\">\n\t\t\t\t\t\t\t\t\t<p>Novaptech est le leader fran\u00e7ais dans le domaine des aptam\u00e8res oligonucl\u00e9otidiques. En France et principalement \u00e0 l'\u00e9tranger, Novaptech fournit des aptam\u00e8res sur mesure aux entreprises et laboratoires acad\u00e9miques des secteurs de la sant\u00e9 et des sciences de la vie gr\u00e2ce \u00e0 des m\u00e9thodologies de pointe et sans cesse am\u00e9lior\u00e9es. Novaptech d\u00e9veloppe \u00e9galement des outils et biocapteurs tr\u00e8s innovants \u00e0 base d'aptam\u00e8res pour l'industrie agroalimentaire et l'environnement.<\/p><p>Novaptech est toujours \u00e0 la recherche de nouveaux talents pour rejoindre et renforcer ses \u00e9quipes. Aujourd'hui, Novaptech offre des opportunit\u00e9s \u00e0 des scientifiques travailleurs et tr\u00e8s motiv\u00e9s.<\/p>\t\t\t\t\t\t\t\t<\/div>\n\t\t\t\t<\/div>\n\t\t\t\t\t<\/div>\n\t\t\t\t<\/div>\n\t\t<div class=\"elementor-element elementor-element-a8f24ea elementor-hidden-tablet elementor-hidden-mobile e-flex e-con-boxed wpr-particle-no wpr-jarallax-no wpr-parallax-no wpr-sticky-section-no e-con e-child\" data-id=\"a8f24ea\" data-element_type=\"container\" data-e-type=\"container\">\n\t\t\t\t\t<div class=\"e-con-inner\">\n\t\t\t\t\t<\/div>\n\t\t\t\t<\/div>\n\t\t\t\t\t<\/div>\n\t\t\t\t<\/div>\n\t\t<div class=\"elementor-element elementor-element-a17782d e-flex e-con-boxed wpr-particle-no wpr-jarallax-no wpr-parallax-no wpr-sticky-section-no e-con e-parent\" data-id=\"a17782d\" data-element_type=\"container\" data-e-type=\"container\">\n\t\t\t\t\t<div class=\"e-con-inner\">\n\t\t<div class=\"elementor-element elementor-element-10b019a e-flex e-con-boxed wpr-particle-no wpr-jarallax-no wpr-parallax-no wpr-sticky-section-no e-con e-child\" data-id=\"10b019a\" data-element_type=\"container\" data-e-type=\"container\">\n\t\t\t\t\t<div class=\"e-con-inner\">\n\t\t\t\t<div class=\"elementor-element elementor-element-4c48d3e elementor-widget elementor-widget-heading\" data-id=\"4c48d3e\" data-element_type=\"widget\" data-e-type=\"widget\" data-widget_type=\"heading.default\">\n\t\t\t\t<div class=\"elementor-widget-container\">\n\t\t\t\t\t<h2 class=\"elementor-heading-title elementor-size-default\">Postes disponibles<\/h2>\t\t\t\t<\/div>\n\t\t\t\t<\/div>\n\t\t\t\t<div class=\"elementor-element elementor-element-36e63da elementor-widget elementor-widget-text-editor\" data-id=\"36e63da\" data-element_type=\"widget\" data-e-type=\"widget\" data-widget_type=\"text-editor.default\">\n\t\t\t\t<div class=\"elementor-widget-container\">\n\t\t\t\t\t\t\t\t\t<p><strong>Aucune opportunit\u00e9 d'emploi<\/strong><\/p>\t\t\t\t\t\t\t\t<\/div>\n\t\t\t\t<\/div>\n\t\t\t\t\t<\/div>\n\t\t\t\t<\/div>\n\t\t<div class=\"elementor-element elementor-element-c2ab1b7 elementor-hidden-tablet elementor-hidden-mobile e-flex e-con-boxed wpr-particle-no wpr-jarallax-no wpr-parallax-no wpr-sticky-section-no e-con e-child\" data-id=\"c2ab1b7\" data-element_type=\"container\" data-e-type=\"container\">\n\t\t\t\t\t<div class=\"e-con-inner\">\n\t\t\t\t\t<\/div>\n\t\t\t\t<\/div>\n\t\t\t\t\t<\/div>\n\t\t\t\t<\/div>\n\t\t<div class=\"elementor-element elementor-element-68eacea e-flex e-con-boxed wpr-particle-no wpr-jarallax-no wpr-parallax-no wpr-sticky-section-no e-con e-parent\" data-id=\"68eacea\" data-element_type=\"container\" data-e-type=\"container\">\n\t\t\t\t\t<div class=\"e-con-inner\">\n\t\t<div class=\"elementor-element elementor-element-fd79039 e-flex e-con-boxed wpr-particle-no wpr-jarallax-no wpr-parallax-no wpr-sticky-section-no e-con e-child\" data-id=\"fd79039\" data-element_type=\"container\" data-e-type=\"container\">\n\t\t\t\t\t<div class=\"e-con-inner\">\n\t\t\t\t<div class=\"elementor-element elementor-element-274a816 elementor-widget elementor-widget-heading\" data-id=\"274a816\" data-element_type=\"widget\" data-e-type=\"widget\" data-widget_type=\"heading.default\">\n\t\t\t\t<div class=\"elementor-widget-container\">\n\t\t\t\t\t<h2 class=\"elementor-heading-title elementor-size-default\">Rejoindre notre entreprise ?<\/h2>\t\t\t\t<\/div>\n\t\t\t\t<\/div>\n\t\t\t\t<div class=\"elementor-element elementor-element-54589ca elementor-widget elementor-widget-text-editor\" data-id=\"54589ca\" data-element_type=\"widget\" data-e-type=\"widget\" data-widget_type=\"text-editor.default\">\n\t\t\t\t<div class=\"elementor-widget-container\">\n\t\t\t\t\t\t\t\t\t<p>Veuillez soumettre votre candidature, comprenant votre curriculum vitae, une liste de r\u00e9f\u00e9rences, ainsi qu'une lettre de motivation expliquant pourquoi vous \u00eates int\u00e9ress\u00e9(e) \u00e0 rejoindre notre entreprise.<\/p>\t\t\t\t\t\t\t\t<\/div>\n\t\t\t\t<\/div>\n\t\t\t\t\t<\/div>\n\t\t\t\t<\/div>\n\t\t<div class=\"elementor-element elementor-element-36df9c8 e-flex e-con-boxed wpr-particle-no wpr-jarallax-no wpr-parallax-no wpr-sticky-section-no e-con e-child\" data-id=\"36df9c8\" data-element_type=\"container\" data-e-type=\"container\">\n\t\t\t\t\t<div class=\"e-con-inner\">\n\t\t\t\t<div class=\"elementor-element elementor-element-6e6b641 eael-contact-form-7-button-align-left eael-contact-form-7-button-custom elementor-widget elementor-widget-eael-contact-form-7\" data-id=\"6e6b641\" data-element_type=\"widget\" data-e-type=\"widget\" data-widget_type=\"eael-contact-form-7.default\">\n\t\t\t\t<div class=\"elementor-widget-container\">\n\t\t\t\t\t<div class=\"eael-contact-form-7-wrapper\">\n                <div class=\"eael-contact-form eael-contact-form-7 eael-contact-form-6e6b641 placeholder-show eael-contact-form-align-center\">\n<div class=\"wpcf7 no-js\" id=\"wpcf7-f1843-o1\" lang=\"en-US\" dir=\"ltr\" data-wpcf7-id=\"1843\">\n<div class=\"screen-reader-response\"><p role=\"status\" aria-live=\"polite\" aria-atomic=\"true\"><\/p> <ul><\/ul><\/div>\n<form action=\"\/fr\/wp-json\/wp\/v2\/pages\/1068#wpcf7-f1843-o1\" method=\"post\" class=\"wpcf7-form init\" aria-label=\"Contact form\" novalidate=\"novalidate\" data-status=\"init\" data-trp-original-action=\"\/fr\/wp-json\/wp\/v2\/pages\/1068#wpcf7-f1843-o1\">\n<fieldset class=\"hidden-fields-container\"><input type=\"hidden\" name=\"_wpcf7\" value=\"1843\" \/><input type=\"hidden\" name=\"_wpcf7_version\" value=\"6.1.5\" \/><input type=\"hidden\" name=\"_wpcf7_locale\" value=\"en_US\" \/><input type=\"hidden\" name=\"_wpcf7_unit_tag\" value=\"wpcf7-f1843-o1\" \/><input type=\"hidden\" name=\"_wpcf7_container_post\" value=\"0\" \/><input type=\"hidden\" name=\"_wpcf7_posted_data_hash\" value=\"\" \/><input type=\"hidden\" name=\"_wpcf7_recaptcha_response\" value=\"\" \/>\n<\/fieldset>\n<p><label> Votre nom (requis)<br \/>\n<span class=\"wpcf7-form-control-wrap\" data-name=\"your-name\"><input size=\"40\" maxlength=\"400\" class=\"wpcf7-form-control wpcf7-text wpcf7-validates-as-required\" autocomplete=\"name\" aria-required=\"true\" aria-invalid=\"false\" value=\"\" type=\"text\" name=\"your-name\" \/><\/span> <\/label>\n<\/p>\n<p><label> Votre email (requis)<br \/>\n<span class=\"wpcf7-form-control-wrap\" data-name=\"your-email\"><input size=\"40\" maxlength=\"400\" class=\"wpcf7-form-control wpcf7-email wpcf7-validates-as-required wpcf7-text wpcf7-validates-as-email\" autocomplete=\"email\" aria-required=\"true\" aria-invalid=\"false\" value=\"\" type=\"email\" name=\"your-email\" \/><\/span> <\/label>\n<\/p>\n<p><label> Votre message (requis)<br \/>\n<span class=\"wpcf7-form-control-wrap\" data-name=\"your-message\"><textarea cols=\"40\" rows=\"10\" maxlength=\"2000\" class=\"wpcf7-form-control wpcf7-textarea\" aria-invalid=\"false\" name=\"your-message\"><\/textarea><\/span> <\/label>\n<\/p>\n<p><span class=\"wpcf7-form-control-wrap\" data-name=\"mailjet-opt-in\"><span class=\"wpcf7-form-control wpcf7-checkbox\"><span class=\"wpcf7-list-item first last\"><input type=\"checkbox\" name=\"mailjet-opt-in[]\" value=\"Subscribe to our newsletter\" \/><span class=\"wpcf7-list-item-label\">Abonnez-vous \u00e0 notre newsletter<\/span><\/span><\/span><\/span>\n<\/p>\n<p><input class=\"wpcf7-form-control wpcf7-submit has-spinner\" type=\"submit\" value=\"Envoyer\" \/>\n<\/p><div class=\"wpcf7-response-output\" aria-hidden=\"true\"><\/div>\n<input type=\"hidden\" name=\"trp-form-language\" value=\"fr\"\/><\/form>\n<\/div>\n<\/div>\n            <\/div>\t\t\t\t<\/div>\n\t\t\t\t<\/div>\n\t\t\t\t\t<\/div>\n\t\t\t\t<\/div>\n\t\t\t\t\t<\/div>\n\t\t\t\t<\/div>\n\t\t\t\t<\/div>","protected":false},"excerpt":{"rendered":"<p>Biotechnology Jobs \u2013 Bordeaux \u2013 France Careers Novaptech is the French leading company in the oligonucleotide aptamer area. In France and mainly abroad, Novaptech provides custom aptamers to companies and academic laboratories in the health and life science sectors thanks to cutting-edge methodologies that are constantly improved. Novaptech also develops highly innovative aptamer-based tools and biosensors for the Agri-food and Environment industry. Novaptech is always looking for new talent to join and strengthen its teams. Today Novaptech offers opportunities to hard working, highly motivated scientists. Available positions No job opportunity Apply Please submit your application, including your curriculum vitae, a list of references, and a cover letter explaining why you are interested in joining our company. Your email (required) Your message (required) Subscribe to our newsletter<\/p>","protected":false},"author":1,"featured_media":0,"parent":0,"menu_order":0,"comment_status":"closed","ping_status":"closed","template":"elementor_header_footer","meta":{"footnotes":""},"class_list":["post-1068","page","type-page","status-publish","hentry"],"yoast_head":"<!-- This site is optimized with the Yoast SEO plugin v27.2 - https:\/\/yoast.com\/product\/yoast-seo-wordpress\/ -->\n<title>Careers - Novaptech<\/title>\n<meta name=\"robots\" content=\"index, follow, max-snippet:-1, max-image-preview:large, max-video-preview:-1\" \/>\n<link rel=\"canonical\" href=\"https:\/\/novaptech.com\/fr\/biotechnology-jobs-bordeaux-france\/\" \/>\n<meta property=\"og:locale\" content=\"fr_FR\" \/>\n<meta property=\"og:type\" content=\"article\" \/>\n<meta property=\"og:title\" content=\"Careers - Novaptech\" \/>\n<meta property=\"og:description\" content=\"Biotechnology Jobs \u2013 Bordeaux \u2013 France Careers Novaptech is the French leading company in the oligonucleotide aptamer area. In France and mainly abroad, Novaptech provides custom aptamers to companies and academic laboratories in the health and life science sectors thanks to cutting-edge methodologies that are constantly improved. Novaptech also develops highly innovative aptamer-based tools and biosensors for the Agri-food and Environment industry. Novaptech is always looking for new talent to join and strengthen its teams. Today Novaptech offers opportunities to hard working, highly motivated scientists. Available positions No job opportunity Apply Please submit your application, including your curriculum vitae, a list of references, and a cover letter explaining why you are interested in joining our company. Your email (required) Your message (required) Subscribe to our newsletter\" \/>\n<meta property=\"og:url\" content=\"https:\/\/novaptech.com\/fr\/biotechnology-jobs-bordeaux-france\/\" \/>\n<meta property=\"og:site_name\" content=\"Novaptech\" \/>\n<meta property=\"article:modified_time\" content=\"2025-03-03T17:08:38+00:00\" \/>\n<meta name=\"twitter:card\" content=\"summary_large_image\" \/>\n<meta name=\"twitter:label1\" content=\"Dur\u00e9e de lecture estim\u00e9e\" \/>\n\t<meta name=\"twitter:data1\" content=\"1 minute\" \/>\n<script type=\"application\/ld+json\" class=\"yoast-schema-graph\">{\"@context\":\"https:\/\/schema.org\",\"@graph\":[{\"@type\":\"WebPage\",\"@id\":\"https:\/\/novaptech.com\/biotechnology-jobs-bordeaux-france\/\",\"url\":\"https:\/\/novaptech.com\/biotechnology-jobs-bordeaux-france\/\",\"name\":\"Careers - Novaptech\",\"isPartOf\":{\"@id\":\"https:\/\/novaptech.com\/en\/#website\"},\"datePublished\":\"2024-06-02T12:32:12+00:00\",\"dateModified\":\"2025-03-03T17:08:38+00:00\",\"breadcrumb\":{\"@id\":\"https:\/\/novaptech.com\/biotechnology-jobs-bordeaux-france\/#breadcrumb\"},\"inLanguage\":\"fr-FR\",\"potentialAction\":[{\"@type\":\"ReadAction\",\"target\":[\"https:\/\/novaptech.com\/biotechnology-jobs-bordeaux-france\/\"]}]},{\"@type\":\"BreadcrumbList\",\"@id\":\"https:\/\/novaptech.com\/biotechnology-jobs-bordeaux-france\/#breadcrumb\",\"itemListElement\":[{\"@type\":\"ListItem\",\"position\":1,\"name\":\"Home\",\"item\":\"https:\/\/novaptech.com\/en\/\"},{\"@type\":\"ListItem\",\"position\":2,\"name\":\"Careers\"}]},{\"@type\":\"WebSite\",\"@id\":\"https:\/\/novaptech.com\/en\/#website\",\"url\":\"https:\/\/novaptech.com\/en\/\",\"name\":\"Novaptech\",\"description\":\"\",\"publisher\":{\"@id\":\"https:\/\/novaptech.com\/en\/#organization\"},\"potentialAction\":[{\"@type\":\"SearchAction\",\"target\":{\"@type\":\"EntryPoint\",\"urlTemplate\":\"https:\/\/novaptech.com\/en\/?s={search_term_string}\"},\"query-input\":{\"@type\":\"PropertyValueSpecification\",\"valueRequired\":true,\"valueName\":\"search_term_string\"}}],\"inLanguage\":\"fr-FR\"},{\"@type\":\"Organization\",\"@id\":\"https:\/\/novaptech.com\/en\/#organization\",\"name\":\"Novaptech\",\"url\":\"https:\/\/novaptech.com\/en\/\",\"logo\":{\"@type\":\"ImageObject\",\"inLanguage\":\"fr-FR\",\"@id\":\"https:\/\/novaptech.com\/en\/#\/schema\/logo\/image\/\",\"url\":\"https:\/\/novaptech.com\/wp-content\/uploads\/2024\/06\/cropped-LOGO.png\",\"contentUrl\":\"https:\/\/novaptech.com\/wp-content\/uploads\/2024\/06\/cropped-LOGO.png\",\"width\":335,\"height\":140,\"caption\":\"Novaptech\"},\"image\":{\"@id\":\"https:\/\/novaptech.com\/en\/#\/schema\/logo\/image\/\"}}]}<\/script>\n<!-- \/ Yoast SEO plugin. -->","yoast_head_json":{"title":"Careers - Novaptech","robots":{"index":"index","follow":"follow","max-snippet":"max-snippet:-1","max-image-preview":"max-image-preview:large","max-video-preview":"max-video-preview:-1"},"canonical":"https:\/\/novaptech.com\/fr\/biotechnology-jobs-bordeaux-france\/","og_locale":"fr_FR","og_type":"article","og_title":"Careers - Novaptech","og_description":"Biotechnology Jobs \u2013 Bordeaux \u2013 France Careers Novaptech is the French leading company in the oligonucleotide aptamer area. In France and mainly abroad, Novaptech provides custom aptamers to companies and academic laboratories in the health and life science sectors thanks to cutting-edge methodologies that are constantly improved. Novaptech also develops highly innovative aptamer-based tools and biosensors for the Agri-food and Environment industry. Novaptech is always looking for new talent to join and strengthen its teams. Today Novaptech offers opportunities to hard working, highly motivated scientists. Available positions No job opportunity Apply Please submit your application, including your curriculum vitae, a list of references, and a cover letter explaining why you are interested in joining our company. Your email (required) Your message (required) Subscribe to our newsletter","og_url":"https:\/\/novaptech.com\/fr\/biotechnology-jobs-bordeaux-france\/","og_site_name":"Novaptech","article_modified_time":"2025-03-03T17:08:38+00:00","twitter_card":"summary_large_image","twitter_misc":{"Dur\u00e9e de lecture estim\u00e9e":"1 minute"},"schema":{"@context":"https:\/\/schema.org","@graph":[{"@type":"WebPage","@id":"https:\/\/novaptech.com\/biotechnology-jobs-bordeaux-france\/","url":"https:\/\/novaptech.com\/biotechnology-jobs-bordeaux-france\/","name":"Careers - Novaptech","isPartOf":{"@id":"https:\/\/novaptech.com\/en\/#website"},"datePublished":"2024-06-02T12:32:12+00:00","dateModified":"2025-03-03T17:08:38+00:00","breadcrumb":{"@id":"https:\/\/novaptech.com\/biotechnology-jobs-bordeaux-france\/#breadcrumb"},"inLanguage":"fr-FR","potentialAction":[{"@type":"ReadAction","target":["https:\/\/novaptech.com\/biotechnology-jobs-bordeaux-france\/"]}]},{"@type":"BreadcrumbList","@id":"https:\/\/novaptech.com\/biotechnology-jobs-bordeaux-france\/#breadcrumb","itemListElement":[{"@type":"ListItem","position":1,"name":"Home","item":"https:\/\/novaptech.com\/en\/"},{"@type":"ListItem","position":2,"name":"Careers"}]},{"@type":"WebSite","@id":"https:\/\/novaptech.com\/en\/#website","url":"https:\/\/novaptech.com\/en\/","name":"Novaptech","description":"","publisher":{"@id":"https:\/\/novaptech.com\/en\/#organization"},"potentialAction":[{"@type":"SearchAction","target":{"@type":"EntryPoint","urlTemplate":"https:\/\/novaptech.com\/en\/?s={search_term_string}"},"query-input":{"@type":"PropertyValueSpecification","valueRequired":true,"valueName":"search_term_string"}}],"inLanguage":"fr-FR"},{"@type":"Organization","@id":"https:\/\/novaptech.com\/en\/#organization","name":"Novaptech","url":"https:\/\/novaptech.com\/en\/","logo":{"@type":"ImageObject","inLanguage":"fr-FR","@id":"https:\/\/novaptech.com\/en\/#\/schema\/logo\/image\/","url":"https:\/\/novaptech.com\/wp-content\/uploads\/2024\/06\/cropped-LOGO.png","contentUrl":"https:\/\/novaptech.com\/wp-content\/uploads\/2024\/06\/cropped-LOGO.png","width":335,"height":140,"caption":"Novaptech"},"image":{"@id":"https:\/\/novaptech.com\/en\/#\/schema\/logo\/image\/"}}]}},"_links":{"self":[{"href":"https:\/\/novaptech.com\/fr\/wp-json\/wp\/v2\/pages\/1068","targetHints":{"allow":["GET"]}}],"collection":[{"href":"https:\/\/novaptech.com\/fr\/wp-json\/wp\/v2\/pages"}],"about":[{"href":"https:\/\/novaptech.com\/fr\/wp-json\/wp\/v2\/types\/page"}],"author":[{"embeddable":true,"href":"https:\/\/novaptech.com\/fr\/wp-json\/wp\/v2\/users\/1"}],"replies":[{"embeddable":true,"href":"https:\/\/novaptech.com\/fr\/wp-json\/wp\/v2\/comments?post=1068"}],"version-history":[{"count":38,"href":"https:\/\/novaptech.com\/fr\/wp-json\/wp\/v2\/pages\/1068\/revisions"}],"predecessor-version":[{"id":4624,"href":"https:\/\/novaptech.com\/fr\/wp-json\/wp\/v2\/pages\/1068\/revisions\/4624"}],"wp:attachment":[{"href":"https:\/\/novaptech.com\/fr\/wp-json\/wp\/v2\/media?parent=1068"}],"curies":[{"name":"wp","href":"https:\/\/api.w.org\/{rel}","templated":true}]}}