{"id":1099,"date":"2024-06-02T12:54:26","date_gmt":"2024-06-02T12:54:26","guid":{"rendered":"https:\/\/novaptech.com\/?page_id=1099"},"modified":"2025-02-12T14:23:39","modified_gmt":"2025-02-12T14:23:39","slug":"legal","status":"publish","type":"page","link":"https:\/\/novaptech.com\/fr\/legal\/","title":{"rendered":"L\u00e9gal"},"content":{"rendered":"<div data-elementor-type=\"wp-page\" data-elementor-id=\"1099\" class=\"elementor elementor-1099\">\n\t\t\t\t<div class=\"elementor-element elementor-element-60cc5d7 e-flex e-con-boxed wpr-particle-no wpr-jarallax-no wpr-parallax-no wpr-sticky-section-no e-con e-parent\" data-id=\"60cc5d7\" data-element_type=\"container\" data-e-type=\"container\">\n\t\t\t\t\t<div class=\"e-con-inner\">\n\t\t\t\t<div class=\"elementor-element elementor-element-050bd1a elementor-widget elementor-widget-heading\" data-id=\"050bd1a\" data-element_type=\"widget\" data-e-type=\"widget\" data-widget_type=\"heading.default\">\n\t\t\t\t<div class=\"elementor-widget-container\">\n\t\t\t\t\t<h1 class=\"elementor-heading-title elementor-size-default\">L\u00e9gal<\/h1>\t\t\t\t<\/div>\n\t\t\t\t<\/div>\n\t\t\t\t<div class=\"elementor-element elementor-element-dcd0fa1 elementor-widget elementor-widget-text-editor\" data-id=\"dcd0fa1\" data-element_type=\"widget\" data-e-type=\"widget\" data-widget_type=\"text-editor.default\">\n\t\t\t\t<div class=\"elementor-widget-container\">\n\t\t\t\t\t\t\t\t\t<p data-start=\"11\" data-end=\"28\"><strong data-start=\"11\" data-end=\"28\">Pr\u00e9sentation:<\/strong><\/p><p data-start=\"30\" data-end=\"377\">Pr\u00e9sentation :\n\nLe site Novaptech (ci-apr\u00e8s, le Site) est \u00e9dit\u00e9 par NOVAPTECH, S.A.S. au capital de 350.000 Euros inscrite au RCS de Bordeaux sous le num\u00e9ro 820 690 345, Num\u00e9ro de TVA : FR72820690345, ayant son si\u00e8ge social sis 2 Avenue Favard, 33170 GRADIGNAN, France. Tel. +33 (0)5 47 74 26 85.<\/p><p data-start=\"379\" data-end=\"432\">La Directrice de la Publication est Marine Faussillon-Laville.<\/p><p data-start=\"434\" data-end=\"452\"><strong data-start=\"434\" data-end=\"452\">Personal Data:<\/strong><\/p><p data-start=\"454\" data-end=\"1011\">Des donn\u00e9es personnelles peuvent \u00eatre enregistr\u00e9es dans la base de donn\u00e9es de Novaptech lors de l\u2019envoi d\u2019un mail \u00e0 travers notre formulaire de contact. Conform\u00e9ment \u00e0 la loi n \u00b078-17 Informatique et Libert\u00e9s du 6 janvier 1978 telle que modifi\u00e9e, vous disposez d\u2019un droit d\u2019acc\u00e8s, de modification, de suppression quant \u00e0 vos donn\u00e9es personnelles, ainsi qu\u2019un droit d\u2019opposition quant \u00e0 leur diffusion. Toute demande d\u2019exercice du droit d\u2019acc\u00e8s, de rectification ou d\u2019opposition doit \u00eatre effectu\u00e9e par \u00e9crit, \u00eatre sign\u00e9e par le demandeur, comporter l\u2019adresse \u00e0 laquelle devra \u00eatre adress\u00e9e la r\u00e9ponse, accompagn\u00e9e d\u2019un justificatif d\u2019identit\u00e9, et \u00eatre envoy\u00e9e \u00e0 l\u2019adresse suivante :<\/p><p data-start=\"1013\" data-end=\"1065\">Novaptech, 2 Avenue Favard, 33170 GRADIGNAN, France.<\/p><p data-start=\"1067\" data-end=\"1665\">Par ailleurs, compte tenu de la nature du r\u00e9seau internet, Novaptech d\u00e9clare ne pas garantir et ne saurait \u00eatre tenu responsable de toute atteinte ou tout dommage aux mat\u00e9riels, aux logiciels ou aux fichiers de l\u2019internaute pouvant r\u00e9sulter de la pr\u00e9sence ou de la propagation d\u2019un virus. Novaptech a satisfait aux obligations de s\u00e9curit\u00e9 au regard de la nature du r\u00e9seau internet. De son cot\u00e9, l\u2019internaute s\u2019oblige \u00e0 prendre toutes les mesures pour \u00e9viter qu\u2019un dommage quelconque ne g\u00e9n\u00e8re pour lui une atteinte \u00e0 ses mat\u00e9riels, logiciels, fichiers ou donn\u00e9es. Novaptech d\u00e9cline toutes responsabilit\u00e9s en cas d\u2019\u00e9ventuelles erreurs ou absences de disponibilit\u00e9 d\u2019informations sur son Site.<\/p><p data-start=\"1667\" data-end=\"1679\"><strong data-start=\"1667\" data-end=\"1679\">Cookies:<\/strong><\/p><p data-start=\"1681\" data-end=\"1955\">Lors de votre visite sur le Site, Novaptech est susceptible d\u2019implanter un cookie dans votre ordinateur. Un cookie est un petit bloc de donn\u00e9es envoy\u00e9 \u00e0 votre navigateur par un serveur web et stock\u00e9 sur le disque dur de votre ordinateur. Vous pouvez naturellement vous opposer \u00e0 l\u2019enregistrement de cookies en configurant votre navigateur.<\/p><p data-start=\"1957\" data-end=\"1983\"><strong data-start=\"1957\" data-end=\"1983\">Propri\u00e9t\u00e9 intellectuelle:<\/strong><\/p><p data-start=\"1985\" data-end=\"2331\">L\u2019ensemble des donn\u00e9es, textes, bases de donn\u00e9es, logiciels, informations, images, photographies ou tout autre contenu diffus\u00e9 sur le Site font l\u2019objet d\u2019une protection au titre du droit de la propri\u00e9t\u00e9 intellectuelle. Par cons\u00e9quent, toute reproduction, repr\u00e9sentation, utilisation ou adaptation, sous quelque forme que ce soit, de tout ou partie des \u00e9l\u00e9ments du Site est prohib\u00e9e sauf autorisation \u00e9crite de Novaptech.<\/p><p data-start=\"2333\" data-end=\"2366\"><strong data-start=\"2333\" data-end=\"2366\">Liens Hypertexte vers et \/ en provenance de Novaptech :<\/strong><\/p><p data-start=\"2368\" data-end=\"2609\" data-is-last-node=\"\">Tout \u201cDeep Linking\u201d (lien profond) est strictement interdit. Le Site Novaptech ne pourra en aucun cas \u00eatre tenu responsable des sites ou ressources externes qui sont connect\u00e9s au pr\u00e9sent Site par des liens ou auxquels il est acc\u00e9d\u00e9 via le pr\u00e9sent Site ou qui contiennent des liens vers le Site Novaptech.<\/p>\t\t\t\t\t\t\t\t<\/div>\n\t\t\t\t<\/div>\n\t\t\t\t\t<\/div>\n\t\t\t\t<\/div>\n\t\t\t\t<\/div>","protected":false},"excerpt":{"rendered":"<p>Legal Presentation: The Novaptech website (hereinafter referred to as the &#8220;Site&#8221;) is published by NOVAPTECH, S.A.S., with a share capital of \u20ac350,000, registered with the Bordeaux Trade and Companies Registry under number 820 690 345, VAT Number: FR72820690345, and its registered office located at 2 Avenue Favard, 33170 GRADIGNAN, France. Tel. +33 (0)5 47 74 26 85. The Publishing Director is Marine Faussillon-Laville. Personal Data: Personal data may be recorded in Novaptech&#8217;s database when sending an email through our contact form. In accordance with French law n\u00b078-17 on Information Technology and Freedom of January 6, 1978, as amended, you have the right to access, modify, delete, and oppose the distribution of your personal data. Any request for exercising the right of access, correction, or opposition must be made in writing, signed by the requester, include the address to which the response should be sent, accompanied by proof of identity, and sent to the following address: Novaptech, 2 Avenue Favard, 33170 GRADIGNAN, France. Furthermore, given the nature of the internet, Novaptech declares that it cannot guarantee and shall not be held liable for any harm or damage to the hardware, software, or files of the internet user that may result from the presence or spread of a virus. Novaptech has complied with the security obligations regarding the nature of the internet network. The internet user, for their part, is obliged to take all necessary measures to prevent any damage to their hardware, software, files, or data. Novaptech disclaims all responsibility for any errors or unavailability of information on its Site. Cookies: During your visit to the Site, Novaptech may install a cookie on your computer. A cookie is a small block of data sent to your browser by a web server and stored on your computer&#8217;s hard drive. You can naturally oppose the registration of cookies by configuring your browser. Intellectual Property: All data, texts, databases, software, information, images, photographs, or any other content published on the Site are protected by intellectual property law. Therefore, any reproduction, representation, use, or adaptation, in any form whatsoever, of all or part of the elements of the Site is prohibited unless expressly authorized by Novaptech. Hyperlinks to\/from Novaptech: Any &#8220;Deep Linking&#8221; (direct link) is strictly prohibited. The Novaptech Site cannot be held liable for external websites or resources connected to this Site by links, or accessed through this Site, or that contain links to the Novaptech Site.<\/p>","protected":false},"author":1,"featured_media":0,"parent":0,"menu_order":0,"comment_status":"closed","ping_status":"closed","template":"elementor_header_footer","meta":{"footnotes":""},"class_list":["post-1099","page","type-page","status-publish","hentry"],"yoast_head":"<!-- This site is optimized with the Yoast SEO plugin v27.2 - https:\/\/yoast.com\/product\/yoast-seo-wordpress\/ -->\n<title>Legal - Novaptech<\/title>\n<meta name=\"robots\" content=\"index, follow, max-snippet:-1, max-image-preview:large, max-video-preview:-1\" \/>\n<link rel=\"canonical\" href=\"https:\/\/novaptech.com\/fr\/legal\/\" \/>\n<meta property=\"og:locale\" content=\"fr_FR\" \/>\n<meta property=\"og:type\" content=\"article\" \/>\n<meta property=\"og:title\" content=\"Legal - Novaptech\" \/>\n<meta property=\"og:description\" content=\"Legal Presentation: The Novaptech website (hereinafter referred to as the &#8220;Site&#8221;) is published by NOVAPTECH, S.A.S., with a share capital of \u20ac350,000, registered with the Bordeaux Trade and Companies Registry under number 820 690 345, VAT Number: FR72820690345, and its registered office located at 2 Avenue Favard, 33170 GRADIGNAN, France. Tel. +33 (0)5 47 74 26 85. The Publishing Director is Marine Faussillon-Laville. Personal Data: Personal data may be recorded in Novaptech&#8217;s database when sending an email through our contact form. In accordance with French law n\u00b078-17 on Information Technology and Freedom of January 6, 1978, as amended, you have the right to access, modify, delete, and oppose the distribution of your personal data. Any request for exercising the right of access, correction, or opposition must be made in writing, signed by the requester, include the address to which the response should be sent, accompanied by proof of identity, and sent to the following address: Novaptech, 2 Avenue Favard, 33170 GRADIGNAN, France. Furthermore, given the nature of the internet, Novaptech declares that it cannot guarantee and shall not be held liable for any harm or damage to the hardware, software, or files of the internet user that may result from the presence or spread of a virus. Novaptech has complied with the security obligations regarding the nature of the internet network. The internet user, for their part, is obliged to take all necessary measures to prevent any damage to their hardware, software, files, or data. Novaptech disclaims all responsibility for any errors or unavailability of information on its Site. Cookies: During your visit to the Site, Novaptech may install a cookie on your computer. A cookie is a small block of data sent to your browser by a web server and stored on your computer&#8217;s hard drive. You can naturally oppose the registration of cookies by configuring your browser. Intellectual Property: All data, texts, databases, software, information, images, photographs, or any other content published on the Site are protected by intellectual property law. Therefore, any reproduction, representation, use, or adaptation, in any form whatsoever, of all or part of the elements of the Site is prohibited unless expressly authorized by Novaptech. Hyperlinks to\/from Novaptech: Any &#8220;Deep Linking&#8221; (direct link) is strictly prohibited. The Novaptech Site cannot be held liable for external websites or resources connected to this Site by links, or accessed through this Site, or that contain links to the Novaptech Site.\" \/>\n<meta property=\"og:url\" content=\"https:\/\/novaptech.com\/fr\/legal\/\" \/>\n<meta property=\"og:site_name\" content=\"Novaptech\" \/>\n<meta property=\"article:modified_time\" content=\"2025-02-12T14:23:39+00:00\" \/>\n<meta name=\"twitter:card\" content=\"summary_large_image\" \/>\n<meta name=\"twitter:label1\" content=\"Dur\u00e9e de lecture estim\u00e9e\" \/>\n\t<meta name=\"twitter:data1\" content=\"2 minutes\" \/>\n<script type=\"application\/ld+json\" class=\"yoast-schema-graph\">{\"@context\":\"https:\/\/schema.org\",\"@graph\":[{\"@type\":\"WebPage\",\"@id\":\"https:\/\/novaptech.com\/legal\/\",\"url\":\"https:\/\/novaptech.com\/legal\/\",\"name\":\"Legal - Novaptech\",\"isPartOf\":{\"@id\":\"https:\/\/novaptech.com\/en\/#website\"},\"datePublished\":\"2024-06-02T12:54:26+00:00\",\"dateModified\":\"2025-02-12T14:23:39+00:00\",\"breadcrumb\":{\"@id\":\"https:\/\/novaptech.com\/legal\/#breadcrumb\"},\"inLanguage\":\"fr-FR\",\"potentialAction\":[{\"@type\":\"ReadAction\",\"target\":[\"https:\/\/novaptech.com\/legal\/\"]}]},{\"@type\":\"BreadcrumbList\",\"@id\":\"https:\/\/novaptech.com\/legal\/#breadcrumb\",\"itemListElement\":[{\"@type\":\"ListItem\",\"position\":1,\"name\":\"Home\",\"item\":\"https:\/\/novaptech.com\/en\/\"},{\"@type\":\"ListItem\",\"position\":2,\"name\":\"Legal\"}]},{\"@type\":\"WebSite\",\"@id\":\"https:\/\/novaptech.com\/en\/#website\",\"url\":\"https:\/\/novaptech.com\/en\/\",\"name\":\"Novaptech\",\"description\":\"\",\"publisher\":{\"@id\":\"https:\/\/novaptech.com\/en\/#organization\"},\"potentialAction\":[{\"@type\":\"SearchAction\",\"target\":{\"@type\":\"EntryPoint\",\"urlTemplate\":\"https:\/\/novaptech.com\/en\/?s={search_term_string}\"},\"query-input\":{\"@type\":\"PropertyValueSpecification\",\"valueRequired\":true,\"valueName\":\"search_term_string\"}}],\"inLanguage\":\"fr-FR\"},{\"@type\":\"Organization\",\"@id\":\"https:\/\/novaptech.com\/en\/#organization\",\"name\":\"Novaptech\",\"url\":\"https:\/\/novaptech.com\/en\/\",\"logo\":{\"@type\":\"ImageObject\",\"inLanguage\":\"fr-FR\",\"@id\":\"https:\/\/novaptech.com\/en\/#\/schema\/logo\/image\/\",\"url\":\"https:\/\/novaptech.com\/wp-content\/uploads\/2024\/06\/cropped-LOGO.png\",\"contentUrl\":\"https:\/\/novaptech.com\/wp-content\/uploads\/2024\/06\/cropped-LOGO.png\",\"width\":335,\"height\":140,\"caption\":\"Novaptech\"},\"image\":{\"@id\":\"https:\/\/novaptech.com\/en\/#\/schema\/logo\/image\/\"}}]}<\/script>\n<!-- \/ Yoast SEO plugin. -->","yoast_head_json":{"title":"Legal - Novaptech","robots":{"index":"index","follow":"follow","max-snippet":"max-snippet:-1","max-image-preview":"max-image-preview:large","max-video-preview":"max-video-preview:-1"},"canonical":"https:\/\/novaptech.com\/fr\/legal\/","og_locale":"fr_FR","og_type":"article","og_title":"Legal - Novaptech","og_description":"Legal Presentation: The Novaptech website (hereinafter referred to as the &#8220;Site&#8221;) is published by NOVAPTECH, S.A.S., with a share capital of \u20ac350,000, registered with the Bordeaux Trade and Companies Registry under number 820 690 345, VAT Number: FR72820690345, and its registered office located at 2 Avenue Favard, 33170 GRADIGNAN, France. Tel. +33 (0)5 47 74 26 85. The Publishing Director is Marine Faussillon-Laville. Personal Data: Personal data may be recorded in Novaptech&#8217;s database when sending an email through our contact form. In accordance with French law n\u00b078-17 on Information Technology and Freedom of January 6, 1978, as amended, you have the right to access, modify, delete, and oppose the distribution of your personal data. Any request for exercising the right of access, correction, or opposition must be made in writing, signed by the requester, include the address to which the response should be sent, accompanied by proof of identity, and sent to the following address: Novaptech, 2 Avenue Favard, 33170 GRADIGNAN, France. Furthermore, given the nature of the internet, Novaptech declares that it cannot guarantee and shall not be held liable for any harm or damage to the hardware, software, or files of the internet user that may result from the presence or spread of a virus. Novaptech has complied with the security obligations regarding the nature of the internet network. The internet user, for their part, is obliged to take all necessary measures to prevent any damage to their hardware, software, files, or data. Novaptech disclaims all responsibility for any errors or unavailability of information on its Site. Cookies: During your visit to the Site, Novaptech may install a cookie on your computer. A cookie is a small block of data sent to your browser by a web server and stored on your computer&#8217;s hard drive. You can naturally oppose the registration of cookies by configuring your browser. Intellectual Property: All data, texts, databases, software, information, images, photographs, or any other content published on the Site are protected by intellectual property law. Therefore, any reproduction, representation, use, or adaptation, in any form whatsoever, of all or part of the elements of the Site is prohibited unless expressly authorized by Novaptech. Hyperlinks to\/from Novaptech: Any &#8220;Deep Linking&#8221; (direct link) is strictly prohibited. The Novaptech Site cannot be held liable for external websites or resources connected to this Site by links, or accessed through this Site, or that contain links to the Novaptech Site.","og_url":"https:\/\/novaptech.com\/fr\/legal\/","og_site_name":"Novaptech","article_modified_time":"2025-02-12T14:23:39+00:00","twitter_card":"summary_large_image","twitter_misc":{"Dur\u00e9e de lecture estim\u00e9e":"2 minutes"},"schema":{"@context":"https:\/\/schema.org","@graph":[{"@type":"WebPage","@id":"https:\/\/novaptech.com\/legal\/","url":"https:\/\/novaptech.com\/legal\/","name":"Legal - Novaptech","isPartOf":{"@id":"https:\/\/novaptech.com\/en\/#website"},"datePublished":"2024-06-02T12:54:26+00:00","dateModified":"2025-02-12T14:23:39+00:00","breadcrumb":{"@id":"https:\/\/novaptech.com\/legal\/#breadcrumb"},"inLanguage":"fr-FR","potentialAction":[{"@type":"ReadAction","target":["https:\/\/novaptech.com\/legal\/"]}]},{"@type":"BreadcrumbList","@id":"https:\/\/novaptech.com\/legal\/#breadcrumb","itemListElement":[{"@type":"ListItem","position":1,"name":"Home","item":"https:\/\/novaptech.com\/en\/"},{"@type":"ListItem","position":2,"name":"Legal"}]},{"@type":"WebSite","@id":"https:\/\/novaptech.com\/en\/#website","url":"https:\/\/novaptech.com\/en\/","name":"Novaptech","description":"","publisher":{"@id":"https:\/\/novaptech.com\/en\/#organization"},"potentialAction":[{"@type":"SearchAction","target":{"@type":"EntryPoint","urlTemplate":"https:\/\/novaptech.com\/en\/?s={search_term_string}"},"query-input":{"@type":"PropertyValueSpecification","valueRequired":true,"valueName":"search_term_string"}}],"inLanguage":"fr-FR"},{"@type":"Organization","@id":"https:\/\/novaptech.com\/en\/#organization","name":"Novaptech","url":"https:\/\/novaptech.com\/en\/","logo":{"@type":"ImageObject","inLanguage":"fr-FR","@id":"https:\/\/novaptech.com\/en\/#\/schema\/logo\/image\/","url":"https:\/\/novaptech.com\/wp-content\/uploads\/2024\/06\/cropped-LOGO.png","contentUrl":"https:\/\/novaptech.com\/wp-content\/uploads\/2024\/06\/cropped-LOGO.png","width":335,"height":140,"caption":"Novaptech"},"image":{"@id":"https:\/\/novaptech.com\/en\/#\/schema\/logo\/image\/"}}]}},"_links":{"self":[{"href":"https:\/\/novaptech.com\/fr\/wp-json\/wp\/v2\/pages\/1099","targetHints":{"allow":["GET"]}}],"collection":[{"href":"https:\/\/novaptech.com\/fr\/wp-json\/wp\/v2\/pages"}],"about":[{"href":"https:\/\/novaptech.com\/fr\/wp-json\/wp\/v2\/types\/page"}],"author":[{"embeddable":true,"href":"https:\/\/novaptech.com\/fr\/wp-json\/wp\/v2\/users\/1"}],"replies":[{"embeddable":true,"href":"https:\/\/novaptech.com\/fr\/wp-json\/wp\/v2\/comments?post=1099"}],"version-history":[{"count":10,"href":"https:\/\/novaptech.com\/fr\/wp-json\/wp\/v2\/pages\/1099\/revisions"}],"predecessor-version":[{"id":3539,"href":"https:\/\/novaptech.com\/fr\/wp-json\/wp\/v2\/pages\/1099\/revisions\/3539"}],"wp:attachment":[{"href":"https:\/\/novaptech.com\/fr\/wp-json\/wp\/v2\/media?parent=1099"}],"curies":[{"name":"wp","href":"https:\/\/api.w.org\/{rel}","templated":true}]}}