{"id":1350,"date":"2024-06-06T12:46:35","date_gmt":"2024-06-06T12:46:35","guid":{"rendered":"https:\/\/novaptech.com\/?page_id=1350"},"modified":"2025-02-11T14:17:22","modified_gmt":"2025-02-11T14:17:22","slug":"aptamers-for-diagostics","status":"publish","type":"page","link":"https:\/\/novaptech.com\/fr\/portfolio_page\/aptamers-for-diagostics\/","title":{"rendered":"Les aptam\u00e8res pour le diagnostic en sant\u00e9 humaine et animale"},"content":{"rendered":"<div data-elementor-type=\"wp-page\" data-elementor-id=\"1350\" class=\"elementor elementor-1350\">\n\t\t\t\t<div class=\"elementor-element elementor-element-6b1a165 e-flex e-con-boxed wpr-particle-no wpr-jarallax-no wpr-parallax-no wpr-sticky-section-no e-con e-parent\" data-id=\"6b1a165\" data-element_type=\"container\" data-e-type=\"container\">\n\t\t\t\t\t<div class=\"e-con-inner\">\n\t\t\t\t<div class=\"elementor-element elementor-element-d3d2d1b elementor-widget elementor-widget-heading\" data-id=\"d3d2d1b\" data-element_type=\"widget\" data-e-type=\"widget\" data-widget_type=\"heading.default\">\n\t\t\t\t<div class=\"elementor-widget-container\">\n\t\t\t\t\t<h1 class=\"elementor-heading-title elementor-size-default\">Les aptam\u00e8res pour le diagnostic en sant\u00e9 humaine et animale<\/h1>\t\t\t\t<\/div>\n\t\t\t\t<\/div>\n\t\t\t\t<div class=\"elementor-element elementor-element-67ae0fa elementor-widget elementor-widget-text-editor\" data-id=\"67ae0fa\" data-element_type=\"widget\" data-e-type=\"widget\" data-widget_type=\"text-editor.default\">\n\t\t\t\t<div class=\"elementor-widget-container\">\n\t\t\t\t\t\t\t\t\t<p>Les aptam\u00e8res peuvent d\u00e9tecter sp\u00e9cifiquement des biomarqueurs (petites mol\u00e9cules, prot\u00e9ines, cellules) dans une perspective diagnostique. L'association biomarqueur-aptam\u00e8re peut constituer des outils de diagnostic au point de soins et ainsi am\u00e9liorer les th\u00e9rapies. Les sondes \u00e0 base d\u2019aptam\u00e8res (fluorescentes, radio-marqu\u00e9es) peuvent \u00eatre utilis\u00e9es pour l'imagerie des tissus (tumeurs). Les aptam\u00e8res peuvent \u00e9galement \u00eatre s\u00e9lectionn\u00e9s contre des agents pathog\u00e8nes (parasites, bact\u00e9ries, virus).<\/p><p><span style=\"color: #808080;\">Novaptech contribue dans ce domaine ; voir par exemple :\u00a0<\/span><\/p><p><span style=\"color: #808080;\">Kryza, D., Debordeaux, F., Az\u00e9ma, L., Hassan, A., Paurelle, O., Schulz, J., Savona-Baron, C., Charignon, E., Bonazza, P., Taleb, J., Fernandez, P., Janier, M., &amp; Toulm\u00e9, J.-J. (2016). <strong>E<a style=\"color: #808080;\" href=\"https:\/\/journals.plos.org\/plosone\/article?id=10.1371\/journal.pone.0149387\" target=\"_blank\" rel=\"noopener\">x Vivo and In Vivo Imaging and Biodistribution of Aptamers Targeting the Human Matrix Metalloprotease-9 in Melanomas.<\/a><\/strong> <em>PLOS ONE<\/em>, Published: February 22, 2016.<\/span><\/p>\t\t\t\t\t\t\t\t<\/div>\n\t\t\t\t<\/div>\n\t\t\t\t\t<\/div>\n\t\t\t\t<\/div>\n\t\t\t\t<\/div>","protected":false},"excerpt":{"rendered":"<p>Aptamers for diagnostics in human and animal health Aptamers can specifically detect biomarkers (small molecules, proteins, cells) in a diagnostics perspective. The biomarker-aptamer combination can constitute point of care diagnostic tools and consequently improve therapies. Aptamer probes (fluorescent, radio-labelled) can be used for imaging tissues (tumors). Aptamers can also be raised against pathogens (parasites, bacteria, viruses). Novaptech contributes to this field; see for instance :\u00a0 Kryza, D., Debordeaux, F., Az\u00e9ma, L., Hassan, A., Paurelle, O., Schulz, J., Savona-Baron, C., Charignon, E., Bonazza, P., Taleb, J., Fernandez, P., Janier, M., &amp; Toulm\u00e9, J.-J. (2016). Ex Vivo and In Vivo Imaging and Biodistribution of Aptamers Targeting the Human Matrix Metalloprotease-9 in Melanomas. PLOS ONE, Published: February 22, 2016.<\/p>","protected":false},"author":1,"featured_media":0,"parent":1339,"menu_order":0,"comment_status":"closed","ping_status":"closed","template":"elementor_header_footer","meta":{"footnotes":""},"class_list":["post-1350","page","type-page","status-publish","hentry"],"yoast_head":"<!-- This site is optimized with the Yoast SEO plugin v27.2 - https:\/\/yoast.com\/product\/yoast-seo-wordpress\/ -->\n<title>Aptamers for diagnostics in human and animal health - Novaptech<\/title>\n<meta name=\"robots\" content=\"index, follow, max-snippet:-1, max-image-preview:large, max-video-preview:-1\" \/>\n<link rel=\"canonical\" href=\"https:\/\/novaptech.com\/fr\/portfolio_page\/aptamers-for-diagostics\/\" \/>\n<meta property=\"og:locale\" content=\"fr_FR\" \/>\n<meta property=\"og:type\" content=\"article\" \/>\n<meta property=\"og:title\" content=\"Aptamers for diagnostics in human and animal health - Novaptech\" \/>\n<meta property=\"og:description\" content=\"Aptamers for diagnostics in human and animal health Aptamers can specifically detect biomarkers (small molecules, proteins, cells) in a diagnostics perspective. The biomarker-aptamer combination can constitute point of care diagnostic tools and consequently improve therapies. Aptamer probes (fluorescent, radio-labelled) can be used for imaging tissues (tumors). Aptamers can also be raised against pathogens (parasites, bacteria, viruses). Novaptech contributes to this field; see for instance :\u00a0 Kryza, D., Debordeaux, F., Az\u00e9ma, L., Hassan, A., Paurelle, O., Schulz, J., Savona-Baron, C., Charignon, E., Bonazza, P., Taleb, J., Fernandez, P., Janier, M., &amp; Toulm\u00e9, J.-J. (2016). Ex Vivo and In Vivo Imaging and Biodistribution of Aptamers Targeting the Human Matrix Metalloprotease-9 in Melanomas. PLOS ONE, Published: February 22, 2016.\" \/>\n<meta property=\"og:url\" content=\"https:\/\/novaptech.com\/fr\/portfolio_page\/aptamers-for-diagostics\/\" \/>\n<meta property=\"og:site_name\" content=\"Novaptech\" \/>\n<meta property=\"article:modified_time\" content=\"2025-02-11T14:17:22+00:00\" \/>\n<meta name=\"twitter:card\" content=\"summary_large_image\" \/>\n<meta name=\"twitter:label1\" content=\"Dur\u00e9e de lecture estim\u00e9e\" \/>\n\t<meta name=\"twitter:data1\" content=\"1 minute\" \/>\n<script type=\"application\/ld+json\" class=\"yoast-schema-graph\">{\"@context\":\"https:\/\/schema.org\",\"@graph\":[{\"@type\":\"WebPage\",\"@id\":\"https:\/\/novaptech.com\/portfolio_page\/aptamers-for-diagostics\/\",\"url\":\"https:\/\/novaptech.com\/portfolio_page\/aptamers-for-diagostics\/\",\"name\":\"Aptamers for diagnostics in human and animal health - Novaptech\",\"isPartOf\":{\"@id\":\"https:\/\/novaptech.com\/en\/#website\"},\"datePublished\":\"2024-06-06T12:46:35+00:00\",\"dateModified\":\"2025-02-11T14:17:22+00:00\",\"breadcrumb\":{\"@id\":\"https:\/\/novaptech.com\/portfolio_page\/aptamers-for-diagostics\/#breadcrumb\"},\"inLanguage\":\"fr-FR\",\"potentialAction\":[{\"@type\":\"ReadAction\",\"target\":[\"https:\/\/novaptech.com\/portfolio_page\/aptamers-for-diagostics\/\"]}]},{\"@type\":\"BreadcrumbList\",\"@id\":\"https:\/\/novaptech.com\/portfolio_page\/aptamers-for-diagostics\/#breadcrumb\",\"itemListElement\":[{\"@type\":\"ListItem\",\"position\":1,\"name\":\"Home\",\"item\":\"https:\/\/novaptech.com\/en\/\"},{\"@type\":\"ListItem\",\"position\":2,\"name\":\"Portfolio page\",\"item\":\"https:\/\/novaptech.com\/portfolio_page\/\"},{\"@type\":\"ListItem\",\"position\":3,\"name\":\"Aptamers for diagnostics in human and animal health\"}]},{\"@type\":\"WebSite\",\"@id\":\"https:\/\/novaptech.com\/en\/#website\",\"url\":\"https:\/\/novaptech.com\/en\/\",\"name\":\"Novaptech\",\"description\":\"\",\"publisher\":{\"@id\":\"https:\/\/novaptech.com\/en\/#organization\"},\"potentialAction\":[{\"@type\":\"SearchAction\",\"target\":{\"@type\":\"EntryPoint\",\"urlTemplate\":\"https:\/\/novaptech.com\/en\/?s={search_term_string}\"},\"query-input\":{\"@type\":\"PropertyValueSpecification\",\"valueRequired\":true,\"valueName\":\"search_term_string\"}}],\"inLanguage\":\"fr-FR\"},{\"@type\":\"Organization\",\"@id\":\"https:\/\/novaptech.com\/en\/#organization\",\"name\":\"Novaptech\",\"url\":\"https:\/\/novaptech.com\/en\/\",\"logo\":{\"@type\":\"ImageObject\",\"inLanguage\":\"fr-FR\",\"@id\":\"https:\/\/novaptech.com\/en\/#\/schema\/logo\/image\/\",\"url\":\"https:\/\/novaptech.com\/wp-content\/uploads\/2024\/06\/cropped-LOGO.png\",\"contentUrl\":\"https:\/\/novaptech.com\/wp-content\/uploads\/2024\/06\/cropped-LOGO.png\",\"width\":335,\"height\":140,\"caption\":\"Novaptech\"},\"image\":{\"@id\":\"https:\/\/novaptech.com\/en\/#\/schema\/logo\/image\/\"}}]}<\/script>\n<!-- \/ Yoast SEO plugin. -->","yoast_head_json":{"title":"Aptamers for diagnostics in human and animal health - Novaptech","robots":{"index":"index","follow":"follow","max-snippet":"max-snippet:-1","max-image-preview":"max-image-preview:large","max-video-preview":"max-video-preview:-1"},"canonical":"https:\/\/novaptech.com\/fr\/portfolio_page\/aptamers-for-diagostics\/","og_locale":"fr_FR","og_type":"article","og_title":"Aptamers for diagnostics in human and animal health - Novaptech","og_description":"Aptamers for diagnostics in human and animal health Aptamers can specifically detect biomarkers (small molecules, proteins, cells) in a diagnostics perspective. The biomarker-aptamer combination can constitute point of care diagnostic tools and consequently improve therapies. Aptamer probes (fluorescent, radio-labelled) can be used for imaging tissues (tumors). Aptamers can also be raised against pathogens (parasites, bacteria, viruses). Novaptech contributes to this field; see for instance :\u00a0 Kryza, D., Debordeaux, F., Az\u00e9ma, L., Hassan, A., Paurelle, O., Schulz, J., Savona-Baron, C., Charignon, E., Bonazza, P., Taleb, J., Fernandez, P., Janier, M., &amp; Toulm\u00e9, J.-J. (2016). Ex Vivo and In Vivo Imaging and Biodistribution of Aptamers Targeting the Human Matrix Metalloprotease-9 in Melanomas. PLOS ONE, Published: February 22, 2016.","og_url":"https:\/\/novaptech.com\/fr\/portfolio_page\/aptamers-for-diagostics\/","og_site_name":"Novaptech","article_modified_time":"2025-02-11T14:17:22+00:00","twitter_card":"summary_large_image","twitter_misc":{"Dur\u00e9e de lecture estim\u00e9e":"1 minute"},"schema":{"@context":"https:\/\/schema.org","@graph":[{"@type":"WebPage","@id":"https:\/\/novaptech.com\/portfolio_page\/aptamers-for-diagostics\/","url":"https:\/\/novaptech.com\/portfolio_page\/aptamers-for-diagostics\/","name":"Aptamers for diagnostics in human and animal health - Novaptech","isPartOf":{"@id":"https:\/\/novaptech.com\/en\/#website"},"datePublished":"2024-06-06T12:46:35+00:00","dateModified":"2025-02-11T14:17:22+00:00","breadcrumb":{"@id":"https:\/\/novaptech.com\/portfolio_page\/aptamers-for-diagostics\/#breadcrumb"},"inLanguage":"fr-FR","potentialAction":[{"@type":"ReadAction","target":["https:\/\/novaptech.com\/portfolio_page\/aptamers-for-diagostics\/"]}]},{"@type":"BreadcrumbList","@id":"https:\/\/novaptech.com\/portfolio_page\/aptamers-for-diagostics\/#breadcrumb","itemListElement":[{"@type":"ListItem","position":1,"name":"Home","item":"https:\/\/novaptech.com\/en\/"},{"@type":"ListItem","position":2,"name":"Portfolio page","item":"https:\/\/novaptech.com\/portfolio_page\/"},{"@type":"ListItem","position":3,"name":"Aptamers for diagnostics in human and animal health"}]},{"@type":"WebSite","@id":"https:\/\/novaptech.com\/en\/#website","url":"https:\/\/novaptech.com\/en\/","name":"Novaptech","description":"","publisher":{"@id":"https:\/\/novaptech.com\/en\/#organization"},"potentialAction":[{"@type":"SearchAction","target":{"@type":"EntryPoint","urlTemplate":"https:\/\/novaptech.com\/en\/?s={search_term_string}"},"query-input":{"@type":"PropertyValueSpecification","valueRequired":true,"valueName":"search_term_string"}}],"inLanguage":"fr-FR"},{"@type":"Organization","@id":"https:\/\/novaptech.com\/en\/#organization","name":"Novaptech","url":"https:\/\/novaptech.com\/en\/","logo":{"@type":"ImageObject","inLanguage":"fr-FR","@id":"https:\/\/novaptech.com\/en\/#\/schema\/logo\/image\/","url":"https:\/\/novaptech.com\/wp-content\/uploads\/2024\/06\/cropped-LOGO.png","contentUrl":"https:\/\/novaptech.com\/wp-content\/uploads\/2024\/06\/cropped-LOGO.png","width":335,"height":140,"caption":"Novaptech"},"image":{"@id":"https:\/\/novaptech.com\/en\/#\/schema\/logo\/image\/"}}]}},"_links":{"self":[{"href":"https:\/\/novaptech.com\/fr\/wp-json\/wp\/v2\/pages\/1350","targetHints":{"allow":["GET"]}}],"collection":[{"href":"https:\/\/novaptech.com\/fr\/wp-json\/wp\/v2\/pages"}],"about":[{"href":"https:\/\/novaptech.com\/fr\/wp-json\/wp\/v2\/types\/page"}],"author":[{"embeddable":true,"href":"https:\/\/novaptech.com\/fr\/wp-json\/wp\/v2\/users\/1"}],"replies":[{"embeddable":true,"href":"https:\/\/novaptech.com\/fr\/wp-json\/wp\/v2\/comments?post=1350"}],"version-history":[{"count":18,"href":"https:\/\/novaptech.com\/fr\/wp-json\/wp\/v2\/pages\/1350\/revisions"}],"predecessor-version":[{"id":3435,"href":"https:\/\/novaptech.com\/fr\/wp-json\/wp\/v2\/pages\/1350\/revisions\/3435"}],"up":[{"embeddable":true,"href":"https:\/\/novaptech.com\/fr\/wp-json\/wp\/v2\/pages\/1339"}],"wp:attachment":[{"href":"https:\/\/novaptech.com\/fr\/wp-json\/wp\/v2\/media?parent=1350"}],"curies":[{"name":"wp","href":"https:\/\/api.w.org\/{rel}","templated":true}]}}