{"id":1365,"date":"2024-06-06T12:51:27","date_gmt":"2024-06-06T12:51:27","guid":{"rendered":"https:\/\/novaptech.com\/?page_id=1365"},"modified":"2025-02-11T14:48:02","modified_gmt":"2025-02-11T14:48:02","slug":"aptamers-environnement-food-security-monitoring","status":"publish","type":"page","link":"https:\/\/novaptech.com\/fr\/portfolio_page\/aptamers-environnement-food-security-monitoring\/","title":{"rendered":"Aptamers for analytical purposes, health biomarkers,  environment &amp; food safety monitoring"},"content":{"rendered":"<div data-elementor-type=\"wp-page\" data-elementor-id=\"1365\" class=\"elementor elementor-1365\">\n\t\t\t\t<div class=\"elementor-element elementor-element-6b1a165 e-flex e-con-boxed wpr-particle-no wpr-jarallax-no wpr-parallax-no wpr-sticky-section-no e-con e-parent\" data-id=\"6b1a165\" data-element_type=\"container\" data-e-type=\"container\">\n\t\t\t\t\t<div class=\"e-con-inner\">\n\t\t\t\t<div class=\"elementor-element elementor-element-d3d2d1b elementor-widget elementor-widget-heading\" data-id=\"d3d2d1b\" data-element_type=\"widget\" data-e-type=\"widget\" data-widget_type=\"heading.default\">\n\t\t\t\t<div class=\"elementor-widget-container\">\n\t\t\t\t\t<h1 class=\"elementor-heading-title elementor-size-default\">Les aptam\u00e8res pour l'analyse des biomarqueurs de sant\u00e9, la surveillance de l'environnement et de la s\u00e9curit\u00e9 alimentaire<\/h1>\t\t\t\t<\/div>\n\t\t\t\t<\/div>\n\t\t\t\t<div class=\"elementor-element elementor-element-67ae0fa elementor-widget elementor-widget-text-editor\" data-id=\"67ae0fa\" data-element_type=\"widget\" data-e-type=\"widget\" data-widget_type=\"text-editor.default\">\n\t\t\t\t<div class=\"elementor-widget-container\">\n\t\t\t\t\t\t\t\t\t<p>Les aptam\u00e8res peuvent \u00eatre s\u00e9lectionn\u00e9s contre de petites mol\u00e9cules, y compris les contaminants, les pesticides, les r\u00e9sidus de m\u00e9dicaments, les allerg\u00e8nes et les perturbateurs endocriniens. Ils peuvent \u00eatre s\u00e9lectionn\u00e9s et utilis\u00e9s dans des conditions non physiologiques et sont capables de discriminer entre des mol\u00e9cules tr\u00e8s proches, ne diff\u00e9rant que par quelques groupes chimiques. Ces caract\u00e9ristiques conf\u00e8rent aux aptam\u00e8res des avantages majeurs par rapport aux anticorps.\nDe plus, les aptam\u00e8res sont des mol\u00e9cules hautement polyvalentes pouvant \u00eatre associ\u00e9es \u00e0 de nombreuses modalit\u00e9s de transduction de signal (fluorescence, colorim\u00e9trie, \u00e9lectrochimie, r\u00e9sonance plasmonique de surface) pour la conception de biocapteurs.<\/p><p><span style=\"color: #808080;\">Novaptech contribue dans ce domaine et a d\u00e9velopp\u00e9 des capteurs pour la d\u00e9tection de fongicides et d'antibiotiques (plus d'informations seront bient\u00f4t disponibles).<\/span><\/p>\t\t\t\t\t\t\t\t<\/div>\n\t\t\t\t<\/div>\n\t\t\t\t\t<\/div>\n\t\t\t\t<\/div>\n\t\t\t\t<\/div>","protected":false},"excerpt":{"rendered":"<p>Aptamers for analytical purposes, health biomarkers, environment &amp; food safety monitoring Aptamers can be raised against small molecules. This includes contaminants, pesticides, drug residues, allergens, endocrine disruptor, etc. Aptamers can be selected and used in non-physiological conditions. They can discriminate between closely related molecules differing by only a few chemical groups. These characteristics provide aptamers with major advantages over antibodies. In addition, aptamers are highly versatile molecules that can be associated to many different signal transduction modalities (fluorescence, colorimetry, electrochemistry, surface plasmon resonance) for engineering biosensors. Novaptech contributes to this field and developed sensors for the detection of fungicides and antibiotics (More information will be available soon).<\/p>","protected":false},"author":1,"featured_media":0,"parent":1339,"menu_order":0,"comment_status":"closed","ping_status":"closed","template":"elementor_header_footer","meta":{"footnotes":""},"class_list":["post-1365","page","type-page","status-publish","hentry"],"yoast_head":"<!-- This site is optimized with the Yoast SEO plugin v27.2 - https:\/\/yoast.com\/product\/yoast-seo-wordpress\/ -->\n<title>Aptamers for analytical purposes, health biomarkers, environment &amp; food safety monitoring - Novaptech<\/title>\n<meta name=\"robots\" content=\"index, follow, max-snippet:-1, max-image-preview:large, max-video-preview:-1\" \/>\n<link rel=\"canonical\" href=\"https:\/\/novaptech.com\/fr\/portfolio_page\/aptamers-environnement-food-security-monitoring\/\" \/>\n<meta property=\"og:locale\" content=\"fr_FR\" \/>\n<meta property=\"og:type\" content=\"article\" \/>\n<meta property=\"og:title\" content=\"Aptamers for analytical purposes, health biomarkers, environment &amp; food safety monitoring - Novaptech\" \/>\n<meta property=\"og:description\" content=\"Aptamers for analytical purposes, health biomarkers, environment &amp; food safety monitoring Aptamers can be raised against small molecules. This includes contaminants, pesticides, drug residues, allergens, endocrine disruptor, etc. Aptamers can be selected and used in non-physiological conditions. They can discriminate between closely related molecules differing by only a few chemical groups. These characteristics provide aptamers with major advantages over antibodies. In addition, aptamers are highly versatile molecules that can be associated to many different signal transduction modalities (fluorescence, colorimetry, electrochemistry, surface plasmon resonance) for engineering biosensors. Novaptech contributes to this field and developed sensors for the detection of fungicides and antibiotics (More information will be available soon).\" \/>\n<meta property=\"og:url\" content=\"https:\/\/novaptech.com\/fr\/portfolio_page\/aptamers-environnement-food-security-monitoring\/\" \/>\n<meta property=\"og:site_name\" content=\"Novaptech\" \/>\n<meta property=\"article:modified_time\" content=\"2025-02-11T14:48:02+00:00\" \/>\n<meta name=\"twitter:card\" content=\"summary_large_image\" \/>\n<meta name=\"twitter:label1\" content=\"Dur\u00e9e de lecture estim\u00e9e\" \/>\n\t<meta name=\"twitter:data1\" content=\"1 minute\" \/>\n<script type=\"application\/ld+json\" class=\"yoast-schema-graph\">{\"@context\":\"https:\/\/schema.org\",\"@graph\":[{\"@type\":\"WebPage\",\"@id\":\"https:\/\/novaptech.com\/portfolio_page\/aptamers-environnement-food-security-monitoring\/\",\"url\":\"https:\/\/novaptech.com\/portfolio_page\/aptamers-environnement-food-security-monitoring\/\",\"name\":\"Aptamers for analytical purposes, health biomarkers, environment &amp; food safety monitoring - Novaptech\",\"isPartOf\":{\"@id\":\"https:\/\/novaptech.com\/en\/#website\"},\"datePublished\":\"2024-06-06T12:51:27+00:00\",\"dateModified\":\"2025-02-11T14:48:02+00:00\",\"breadcrumb\":{\"@id\":\"https:\/\/novaptech.com\/portfolio_page\/aptamers-environnement-food-security-monitoring\/#breadcrumb\"},\"inLanguage\":\"fr-FR\",\"potentialAction\":[{\"@type\":\"ReadAction\",\"target\":[\"https:\/\/novaptech.com\/portfolio_page\/aptamers-environnement-food-security-monitoring\/\"]}]},{\"@type\":\"BreadcrumbList\",\"@id\":\"https:\/\/novaptech.com\/portfolio_page\/aptamers-environnement-food-security-monitoring\/#breadcrumb\",\"itemListElement\":[{\"@type\":\"ListItem\",\"position\":1,\"name\":\"Home\",\"item\":\"https:\/\/novaptech.com\/en\/\"},{\"@type\":\"ListItem\",\"position\":2,\"name\":\"Portfolio page\",\"item\":\"https:\/\/novaptech.com\/portfolio_page\/\"},{\"@type\":\"ListItem\",\"position\":3,\"name\":\"Aptamers for analytical purposes, health biomarkers, environment &amp; food safety monitoring\"}]},{\"@type\":\"WebSite\",\"@id\":\"https:\/\/novaptech.com\/en\/#website\",\"url\":\"https:\/\/novaptech.com\/en\/\",\"name\":\"Novaptech\",\"description\":\"\",\"publisher\":{\"@id\":\"https:\/\/novaptech.com\/en\/#organization\"},\"potentialAction\":[{\"@type\":\"SearchAction\",\"target\":{\"@type\":\"EntryPoint\",\"urlTemplate\":\"https:\/\/novaptech.com\/en\/?s={search_term_string}\"},\"query-input\":{\"@type\":\"PropertyValueSpecification\",\"valueRequired\":true,\"valueName\":\"search_term_string\"}}],\"inLanguage\":\"fr-FR\"},{\"@type\":\"Organization\",\"@id\":\"https:\/\/novaptech.com\/en\/#organization\",\"name\":\"Novaptech\",\"url\":\"https:\/\/novaptech.com\/en\/\",\"logo\":{\"@type\":\"ImageObject\",\"inLanguage\":\"fr-FR\",\"@id\":\"https:\/\/novaptech.com\/en\/#\/schema\/logo\/image\/\",\"url\":\"https:\/\/novaptech.com\/wp-content\/uploads\/2024\/06\/cropped-LOGO.png\",\"contentUrl\":\"https:\/\/novaptech.com\/wp-content\/uploads\/2024\/06\/cropped-LOGO.png\",\"width\":335,\"height\":140,\"caption\":\"Novaptech\"},\"image\":{\"@id\":\"https:\/\/novaptech.com\/en\/#\/schema\/logo\/image\/\"}}]}<\/script>\n<!-- \/ Yoast SEO plugin. -->","yoast_head_json":{"title":"Aptamers for analytical purposes, health biomarkers, environment &amp; food safety monitoring - Novaptech","robots":{"index":"index","follow":"follow","max-snippet":"max-snippet:-1","max-image-preview":"max-image-preview:large","max-video-preview":"max-video-preview:-1"},"canonical":"https:\/\/novaptech.com\/fr\/portfolio_page\/aptamers-environnement-food-security-monitoring\/","og_locale":"fr_FR","og_type":"article","og_title":"Aptamers for analytical purposes, health biomarkers, environment &amp; food safety monitoring - Novaptech","og_description":"Aptamers for analytical purposes, health biomarkers, environment &amp; food safety monitoring Aptamers can be raised against small molecules. This includes contaminants, pesticides, drug residues, allergens, endocrine disruptor, etc. Aptamers can be selected and used in non-physiological conditions. They can discriminate between closely related molecules differing by only a few chemical groups. These characteristics provide aptamers with major advantages over antibodies. In addition, aptamers are highly versatile molecules that can be associated to many different signal transduction modalities (fluorescence, colorimetry, electrochemistry, surface plasmon resonance) for engineering biosensors. Novaptech contributes to this field and developed sensors for the detection of fungicides and antibiotics (More information will be available soon).","og_url":"https:\/\/novaptech.com\/fr\/portfolio_page\/aptamers-environnement-food-security-monitoring\/","og_site_name":"Novaptech","article_modified_time":"2025-02-11T14:48:02+00:00","twitter_card":"summary_large_image","twitter_misc":{"Dur\u00e9e de lecture estim\u00e9e":"1 minute"},"schema":{"@context":"https:\/\/schema.org","@graph":[{"@type":"WebPage","@id":"https:\/\/novaptech.com\/portfolio_page\/aptamers-environnement-food-security-monitoring\/","url":"https:\/\/novaptech.com\/portfolio_page\/aptamers-environnement-food-security-monitoring\/","name":"Aptamers for analytical purposes, health biomarkers, environment &amp; food safety monitoring - Novaptech","isPartOf":{"@id":"https:\/\/novaptech.com\/en\/#website"},"datePublished":"2024-06-06T12:51:27+00:00","dateModified":"2025-02-11T14:48:02+00:00","breadcrumb":{"@id":"https:\/\/novaptech.com\/portfolio_page\/aptamers-environnement-food-security-monitoring\/#breadcrumb"},"inLanguage":"fr-FR","potentialAction":[{"@type":"ReadAction","target":["https:\/\/novaptech.com\/portfolio_page\/aptamers-environnement-food-security-monitoring\/"]}]},{"@type":"BreadcrumbList","@id":"https:\/\/novaptech.com\/portfolio_page\/aptamers-environnement-food-security-monitoring\/#breadcrumb","itemListElement":[{"@type":"ListItem","position":1,"name":"Home","item":"https:\/\/novaptech.com\/en\/"},{"@type":"ListItem","position":2,"name":"Portfolio page","item":"https:\/\/novaptech.com\/portfolio_page\/"},{"@type":"ListItem","position":3,"name":"Aptamers for analytical purposes, health biomarkers, environment &amp; food safety monitoring"}]},{"@type":"WebSite","@id":"https:\/\/novaptech.com\/en\/#website","url":"https:\/\/novaptech.com\/en\/","name":"Novaptech","description":"","publisher":{"@id":"https:\/\/novaptech.com\/en\/#organization"},"potentialAction":[{"@type":"SearchAction","target":{"@type":"EntryPoint","urlTemplate":"https:\/\/novaptech.com\/en\/?s={search_term_string}"},"query-input":{"@type":"PropertyValueSpecification","valueRequired":true,"valueName":"search_term_string"}}],"inLanguage":"fr-FR"},{"@type":"Organization","@id":"https:\/\/novaptech.com\/en\/#organization","name":"Novaptech","url":"https:\/\/novaptech.com\/en\/","logo":{"@type":"ImageObject","inLanguage":"fr-FR","@id":"https:\/\/novaptech.com\/en\/#\/schema\/logo\/image\/","url":"https:\/\/novaptech.com\/wp-content\/uploads\/2024\/06\/cropped-LOGO.png","contentUrl":"https:\/\/novaptech.com\/wp-content\/uploads\/2024\/06\/cropped-LOGO.png","width":335,"height":140,"caption":"Novaptech"},"image":{"@id":"https:\/\/novaptech.com\/en\/#\/schema\/logo\/image\/"}}]}},"_links":{"self":[{"href":"https:\/\/novaptech.com\/fr\/wp-json\/wp\/v2\/pages\/1365","targetHints":{"allow":["GET"]}}],"collection":[{"href":"https:\/\/novaptech.com\/fr\/wp-json\/wp\/v2\/pages"}],"about":[{"href":"https:\/\/novaptech.com\/fr\/wp-json\/wp\/v2\/types\/page"}],"author":[{"embeddable":true,"href":"https:\/\/novaptech.com\/fr\/wp-json\/wp\/v2\/users\/1"}],"replies":[{"embeddable":true,"href":"https:\/\/novaptech.com\/fr\/wp-json\/wp\/v2\/comments?post=1365"}],"version-history":[{"count":17,"href":"https:\/\/novaptech.com\/fr\/wp-json\/wp\/v2\/pages\/1365\/revisions"}],"predecessor-version":[{"id":3459,"href":"https:\/\/novaptech.com\/fr\/wp-json\/wp\/v2\/pages\/1365\/revisions\/3459"}],"up":[{"embeddable":true,"href":"https:\/\/novaptech.com\/fr\/wp-json\/wp\/v2\/pages\/1339"}],"wp:attachment":[{"href":"https:\/\/novaptech.com\/fr\/wp-json\/wp\/v2\/media?parent=1365"}],"curies":[{"name":"wp","href":"https:\/\/api.w.org\/{rel}","templated":true}]}}