{"id":1393,"date":"2024-06-07T02:49:40","date_gmt":"2024-06-07T02:49:40","guid":{"rendered":"https:\/\/novaptech.com\/?page_id=1393"},"modified":"2025-02-11T14:24:31","modified_gmt":"2025-02-11T14:24:31","slug":"aptamer-based-affinity-purification","status":"publish","type":"page","link":"https:\/\/novaptech.com\/fr\/portfolio_page\/aptamer-based-affinity-purification\/","title":{"rendered":"Purification par affinit\u00e9 bas\u00e9e sur les aptam\u00e8res"},"content":{"rendered":"<div data-elementor-type=\"wp-page\" data-elementor-id=\"1393\" class=\"elementor elementor-1393\">\n\t\t\t\t<div class=\"elementor-element elementor-element-6b1a165 e-flex e-con-boxed wpr-particle-no wpr-jarallax-no wpr-parallax-no wpr-sticky-section-no e-con e-parent\" data-id=\"6b1a165\" data-element_type=\"container\" data-e-type=\"container\">\n\t\t\t\t\t<div class=\"e-con-inner\">\n\t\t\t\t<div class=\"elementor-element elementor-element-d3d2d1b elementor-widget elementor-widget-heading\" data-id=\"d3d2d1b\" data-element_type=\"widget\" data-e-type=\"widget\" data-widget_type=\"heading.default\">\n\t\t\t\t<div class=\"elementor-widget-container\">\n\t\t\t\t\t<h1 class=\"elementor-heading-title elementor-size-default\">Purification par affinit\u00e9 bas\u00e9e sur les aptam\u00e8res<\/h1>\t\t\t\t<\/div>\n\t\t\t\t<\/div>\n\t\t\t\t<div class=\"elementor-element elementor-element-67ae0fa elementor-widget elementor-widget-text-editor\" data-id=\"67ae0fa\" data-element_type=\"widget\" data-e-type=\"widget\" data-widget_type=\"text-editor.default\">\n\t\t\t\t<div class=\"elementor-widget-container\">\n\t\t\t\t\t\t\t\t\t<p>Les aptam\u00e8res peuvent \u00eatre utilis\u00e9s pour \u00e9liminer les contaminants d'un \u00e9chantillon biologique ou chimique ou pour isoler un composant souhait\u00e9. Les aptam\u00e8res sp\u00e9cifiques sont immobilis\u00e9s sur un support chromatographique. Gr\u00e2ce \u00e0 leur petite taille, un haut degr\u00e9 de fonctionnalisation peut \u00eatre atteint. Les aptam\u00e8res sont faciles \u00e0 greffer sur un support, sont thermiquement stables, peuvent \u00eatre rendus r\u00e9sistants aux nucl\u00e9ases et peuvent m\u00eame \u00eatre utilis\u00e9s dans certains solvants organiques. Ils pr\u00e9sentent donc un int\u00e9r\u00eat pour la purification d\u2019un large \u00e9ventail de cibles, notamment la s\u00e9paration des \u00e9nantiom\u00e8res.<\/p><p><span lang=\"EN-US\" style=\"font-family: 'Segoe UI', sans-serif;\">Novaptech fait partie d'un consortium d\u00e9di\u00e9 au d\u00e9veloppement de dispositifs visant \u00e0 purifier des biomol\u00e9cules pour l'industrie pharmaceutique, dans le cadre de l'initiative nationale \"FRANCE 2030\".<\/span><\/p><p class=\"MsoNormal\" style=\"margin: 0cm; font-size: medium; font-family: Calibri, sans-serif; caret-color: #000000; color: #000000; text-align: start;\">\u00a0<\/p>\t\t\t\t\t\t\t\t<\/div>\n\t\t\t\t<\/div>\n\t\t\t\t\t<\/div>\n\t\t\t\t<\/div>\n\t\t\t\t<\/div>","protected":false},"excerpt":{"rendered":"<p>Aptamer-based affinity purification Aptamers can be employed for removing contaminants from a biological or chemical sample or isolating a desired component. The specific aptamers are immobilized on a chromatographic support. Due to their small size, a high degree of functonalization can be achieved. Aptamers are easy to graft on a support, are thermally stable, can be made resistant to nucleases and can even be used in some organic solvents. They are therefore of interest for the purification of a wide range of targets, including the separation of enantiomers. Novaptech is part of a consortium for the development of devices aiming at purifying biomolecules for the Pharma industry, supported through the National Inotiative \u201cFRANCE 2030\u201d. \u00a0<\/p>","protected":false},"author":1,"featured_media":0,"parent":1339,"menu_order":0,"comment_status":"closed","ping_status":"closed","template":"elementor_header_footer","meta":{"footnotes":""},"class_list":["post-1393","page","type-page","status-publish","hentry"],"yoast_head":"<!-- This site is optimized with the Yoast SEO plugin v27.2 - https:\/\/yoast.com\/product\/yoast-seo-wordpress\/ -->\n<title>Aptamer-based affinity purification - Novaptech<\/title>\n<meta name=\"robots\" content=\"index, follow, max-snippet:-1, max-image-preview:large, max-video-preview:-1\" \/>\n<link rel=\"canonical\" href=\"https:\/\/novaptech.com\/fr\/portfolio_page\/aptamer-based-affinity-purification\/\" \/>\n<meta property=\"og:locale\" content=\"fr_FR\" \/>\n<meta property=\"og:type\" content=\"article\" \/>\n<meta property=\"og:title\" content=\"Aptamer-based affinity purification - Novaptech\" \/>\n<meta property=\"og:description\" content=\"Aptamer-based affinity purification Aptamers can be employed for removing contaminants from a biological or chemical sample or isolating a desired component. The specific aptamers are immobilized on a chromatographic support. Due to their small size, a high degree of functonalization can be achieved. Aptamers are easy to graft on a support, are thermally stable, can be made resistant to nucleases and can even be used in some organic solvents. They are therefore of interest for the purification of a wide range of targets, including the separation of enantiomers. Novaptech is part of a consortium for the development of devices aiming at purifying biomolecules for the Pharma industry, supported through the National Inotiative \u201cFRANCE 2030\u201d. \u00a0\" \/>\n<meta property=\"og:url\" content=\"https:\/\/novaptech.com\/fr\/portfolio_page\/aptamer-based-affinity-purification\/\" \/>\n<meta property=\"og:site_name\" content=\"Novaptech\" \/>\n<meta property=\"article:modified_time\" content=\"2025-02-11T14:24:31+00:00\" \/>\n<meta name=\"twitter:card\" content=\"summary_large_image\" \/>\n<meta name=\"twitter:label1\" content=\"Dur\u00e9e de lecture estim\u00e9e\" \/>\n\t<meta name=\"twitter:data1\" content=\"1 minute\" \/>\n<script type=\"application\/ld+json\" class=\"yoast-schema-graph\">{\"@context\":\"https:\/\/schema.org\",\"@graph\":[{\"@type\":\"WebPage\",\"@id\":\"https:\/\/novaptech.com\/portfolio_page\/aptamer-based-affinity-purification\/\",\"url\":\"https:\/\/novaptech.com\/portfolio_page\/aptamer-based-affinity-purification\/\",\"name\":\"Aptamer-based affinity purification - Novaptech\",\"isPartOf\":{\"@id\":\"https:\/\/novaptech.com\/en\/#website\"},\"datePublished\":\"2024-06-07T02:49:40+00:00\",\"dateModified\":\"2025-02-11T14:24:31+00:00\",\"breadcrumb\":{\"@id\":\"https:\/\/novaptech.com\/portfolio_page\/aptamer-based-affinity-purification\/#breadcrumb\"},\"inLanguage\":\"fr-FR\",\"potentialAction\":[{\"@type\":\"ReadAction\",\"target\":[\"https:\/\/novaptech.com\/portfolio_page\/aptamer-based-affinity-purification\/\"]}]},{\"@type\":\"BreadcrumbList\",\"@id\":\"https:\/\/novaptech.com\/portfolio_page\/aptamer-based-affinity-purification\/#breadcrumb\",\"itemListElement\":[{\"@type\":\"ListItem\",\"position\":1,\"name\":\"Home\",\"item\":\"https:\/\/novaptech.com\/en\/\"},{\"@type\":\"ListItem\",\"position\":2,\"name\":\"Portfolio page\",\"item\":\"https:\/\/novaptech.com\/portfolio_page\/\"},{\"@type\":\"ListItem\",\"position\":3,\"name\":\"Aptamer-based affinity purification\"}]},{\"@type\":\"WebSite\",\"@id\":\"https:\/\/novaptech.com\/en\/#website\",\"url\":\"https:\/\/novaptech.com\/en\/\",\"name\":\"Novaptech\",\"description\":\"\",\"publisher\":{\"@id\":\"https:\/\/novaptech.com\/en\/#organization\"},\"potentialAction\":[{\"@type\":\"SearchAction\",\"target\":{\"@type\":\"EntryPoint\",\"urlTemplate\":\"https:\/\/novaptech.com\/en\/?s={search_term_string}\"},\"query-input\":{\"@type\":\"PropertyValueSpecification\",\"valueRequired\":true,\"valueName\":\"search_term_string\"}}],\"inLanguage\":\"fr-FR\"},{\"@type\":\"Organization\",\"@id\":\"https:\/\/novaptech.com\/en\/#organization\",\"name\":\"Novaptech\",\"url\":\"https:\/\/novaptech.com\/en\/\",\"logo\":{\"@type\":\"ImageObject\",\"inLanguage\":\"fr-FR\",\"@id\":\"https:\/\/novaptech.com\/en\/#\/schema\/logo\/image\/\",\"url\":\"https:\/\/novaptech.com\/wp-content\/uploads\/2024\/06\/cropped-LOGO.png\",\"contentUrl\":\"https:\/\/novaptech.com\/wp-content\/uploads\/2024\/06\/cropped-LOGO.png\",\"width\":335,\"height\":140,\"caption\":\"Novaptech\"},\"image\":{\"@id\":\"https:\/\/novaptech.com\/en\/#\/schema\/logo\/image\/\"}}]}<\/script>\n<!-- \/ Yoast SEO plugin. -->","yoast_head_json":{"title":"Aptamer-based affinity purification - Novaptech","robots":{"index":"index","follow":"follow","max-snippet":"max-snippet:-1","max-image-preview":"max-image-preview:large","max-video-preview":"max-video-preview:-1"},"canonical":"https:\/\/novaptech.com\/fr\/portfolio_page\/aptamer-based-affinity-purification\/","og_locale":"fr_FR","og_type":"article","og_title":"Aptamer-based affinity purification - Novaptech","og_description":"Aptamer-based affinity purification Aptamers can be employed for removing contaminants from a biological or chemical sample or isolating a desired component. The specific aptamers are immobilized on a chromatographic support. Due to their small size, a high degree of functonalization can be achieved. Aptamers are easy to graft on a support, are thermally stable, can be made resistant to nucleases and can even be used in some organic solvents. They are therefore of interest for the purification of a wide range of targets, including the separation of enantiomers. Novaptech is part of a consortium for the development of devices aiming at purifying biomolecules for the Pharma industry, supported through the National Inotiative \u201cFRANCE 2030\u201d. \u00a0","og_url":"https:\/\/novaptech.com\/fr\/portfolio_page\/aptamer-based-affinity-purification\/","og_site_name":"Novaptech","article_modified_time":"2025-02-11T14:24:31+00:00","twitter_card":"summary_large_image","twitter_misc":{"Dur\u00e9e de lecture estim\u00e9e":"1 minute"},"schema":{"@context":"https:\/\/schema.org","@graph":[{"@type":"WebPage","@id":"https:\/\/novaptech.com\/portfolio_page\/aptamer-based-affinity-purification\/","url":"https:\/\/novaptech.com\/portfolio_page\/aptamer-based-affinity-purification\/","name":"Aptamer-based affinity purification - Novaptech","isPartOf":{"@id":"https:\/\/novaptech.com\/en\/#website"},"datePublished":"2024-06-07T02:49:40+00:00","dateModified":"2025-02-11T14:24:31+00:00","breadcrumb":{"@id":"https:\/\/novaptech.com\/portfolio_page\/aptamer-based-affinity-purification\/#breadcrumb"},"inLanguage":"fr-FR","potentialAction":[{"@type":"ReadAction","target":["https:\/\/novaptech.com\/portfolio_page\/aptamer-based-affinity-purification\/"]}]},{"@type":"BreadcrumbList","@id":"https:\/\/novaptech.com\/portfolio_page\/aptamer-based-affinity-purification\/#breadcrumb","itemListElement":[{"@type":"ListItem","position":1,"name":"Home","item":"https:\/\/novaptech.com\/en\/"},{"@type":"ListItem","position":2,"name":"Portfolio page","item":"https:\/\/novaptech.com\/portfolio_page\/"},{"@type":"ListItem","position":3,"name":"Aptamer-based affinity purification"}]},{"@type":"WebSite","@id":"https:\/\/novaptech.com\/en\/#website","url":"https:\/\/novaptech.com\/en\/","name":"Novaptech","description":"","publisher":{"@id":"https:\/\/novaptech.com\/en\/#organization"},"potentialAction":[{"@type":"SearchAction","target":{"@type":"EntryPoint","urlTemplate":"https:\/\/novaptech.com\/en\/?s={search_term_string}"},"query-input":{"@type":"PropertyValueSpecification","valueRequired":true,"valueName":"search_term_string"}}],"inLanguage":"fr-FR"},{"@type":"Organization","@id":"https:\/\/novaptech.com\/en\/#organization","name":"Novaptech","url":"https:\/\/novaptech.com\/en\/","logo":{"@type":"ImageObject","inLanguage":"fr-FR","@id":"https:\/\/novaptech.com\/en\/#\/schema\/logo\/image\/","url":"https:\/\/novaptech.com\/wp-content\/uploads\/2024\/06\/cropped-LOGO.png","contentUrl":"https:\/\/novaptech.com\/wp-content\/uploads\/2024\/06\/cropped-LOGO.png","width":335,"height":140,"caption":"Novaptech"},"image":{"@id":"https:\/\/novaptech.com\/en\/#\/schema\/logo\/image\/"}}]}},"_links":{"self":[{"href":"https:\/\/novaptech.com\/fr\/wp-json\/wp\/v2\/pages\/1393","targetHints":{"allow":["GET"]}}],"collection":[{"href":"https:\/\/novaptech.com\/fr\/wp-json\/wp\/v2\/pages"}],"about":[{"href":"https:\/\/novaptech.com\/fr\/wp-json\/wp\/v2\/types\/page"}],"author":[{"embeddable":true,"href":"https:\/\/novaptech.com\/fr\/wp-json\/wp\/v2\/users\/1"}],"replies":[{"embeddable":true,"href":"https:\/\/novaptech.com\/fr\/wp-json\/wp\/v2\/comments?post=1393"}],"version-history":[{"count":13,"href":"https:\/\/novaptech.com\/fr\/wp-json\/wp\/v2\/pages\/1393\/revisions"}],"predecessor-version":[{"id":3451,"href":"https:\/\/novaptech.com\/fr\/wp-json\/wp\/v2\/pages\/1393\/revisions\/3451"}],"up":[{"embeddable":true,"href":"https:\/\/novaptech.com\/fr\/wp-json\/wp\/v2\/pages\/1339"}],"wp:attachment":[{"href":"https:\/\/novaptech.com\/fr\/wp-json\/wp\/v2\/media?parent=1393"}],"curies":[{"name":"wp","href":"https:\/\/api.w.org\/{rel}","templated":true}]}}