{"id":1395,"date":"2024-06-07T02:51:55","date_gmt":"2024-06-07T02:51:55","guid":{"rendered":"https:\/\/novaptech.com\/?page_id=1395"},"modified":"2025-02-11T14:13:54","modified_gmt":"2025-02-11T14:13:54","slug":"aptamer-based-elisa-like-assay","status":"publish","type":"page","link":"https:\/\/novaptech.com\/fr\/portfolio_page\/aptamer-based-elisa-like-assay\/","title":{"rendered":"Test de type ELISA bas\u00e9 sur les aptam\u00e8res"},"content":{"rendered":"<div data-elementor-type=\"wp-page\" data-elementor-id=\"1395\" class=\"elementor elementor-1395\">\n\t\t\t\t<div class=\"elementor-element elementor-element-6b1a165 e-flex e-con-boxed wpr-particle-no wpr-jarallax-no wpr-parallax-no wpr-sticky-section-no e-con e-parent\" data-id=\"6b1a165\" data-element_type=\"container\" data-e-type=\"container\">\n\t\t\t\t\t<div class=\"e-con-inner\">\n\t\t\t\t<div class=\"elementor-element elementor-element-d3d2d1b elementor-widget elementor-widget-heading\" data-id=\"d3d2d1b\" data-element_type=\"widget\" data-e-type=\"widget\" data-widget_type=\"heading.default\">\n\t\t\t\t<div class=\"elementor-widget-container\">\n\t\t\t\t\t<h1 class=\"elementor-heading-title elementor-size-default\">Test de type ELISA bas\u00e9 sur les aptam\u00e8res<\/h1>\t\t\t\t<\/div>\n\t\t\t\t<\/div>\n\t\t\t\t<div class=\"elementor-element elementor-element-67ae0fa elementor-widget elementor-widget-text-editor\" data-id=\"67ae0fa\" data-element_type=\"widget\" data-e-type=\"widget\" data-widget_type=\"text-editor.default\">\n\t\t\t\t<div class=\"elementor-widget-container\">\n\t\t\t\t\t\t\t\t\t<p>Les aptam\u00e8res constituent une bonne alternative aux anticorps dans les tests de type ELISA (parfois appel\u00e9s ELONA). Le test peut \u00eatre r\u00e9alis\u00e9 avec deux aptam\u00e8res dirig\u00e9s contre deux sites diff\u00e9rents de la mol\u00e9cule cible. Ils peuvent \u00e9galement \u00eatre associ\u00e9s \u00e0 un anticorps. \u00a0Des configurations directes, indirectes et sandwich peuvent \u00eatre envisag\u00e9es. La combinaison aptaswitch-aptakiss de Novaptech pr\u00e9sente un int\u00e9r\u00eat particulier pour la d\u00e9tection et la quantification de petites mol\u00e9cules.<\/p><p><span style=\"color: #808080;\">Exemple d'application  \u00ab sandwich assay \u00bb\u00a0<\/span><\/p><p><span style=\"color: #808080;\"><span style=\"font-family: var( --e-global-typography-text-font-family ), Sans-serif; text-align: start; caret-color: #000000; font-size: medium;\">Scarano, S., Dausse, E., Crispo, F., Toulm\u00e9, J.-J., &amp; Minunni, M. (2015).\u00a0<\/span><a style=\"color: #808080;\" href=\"https:\/\/doi.org\/10.1016\/j.aca.2015.07.009\" target=\"_blank\" rel=\"noopener\"><strong style=\"font-family: var( --e-global-typography-text-font-family ), Sans-serif; font-size: var( --e-global-typography-text-font-size ); text-align: start; caret-color: #000000;\">Design of a dual aptamer-based recognition strategy for human matrix metalloproteinase 9 protein by piezoelectric biosensors.<\/strong><\/a><span style=\"font-family: var( --e-global-typography-text-font-family ), Sans-serif; text-align: start; caret-color: #000000; font-size: medium;\">\u00a0<\/span><em style=\"font-family: var( --e-global-typography-text-font-family ), Sans-serif; font-size: var( --e-global-typography-text-font-size ); text-align: start; caret-color: #000000;\">Analytica Chimica Acta<\/em><span style=\"font-family: var( --e-global-typography-text-font-family ), Sans-serif; text-align: start; caret-color: #000000; font-size: medium;\">,\u00a0<\/span>897.<\/span><\/p>\t\t\t\t\t\t\t\t<\/div>\n\t\t\t\t<\/div>\n\t\t\t\t\t<\/div>\n\t\t\t\t<\/div>\n\t\t\t\t<\/div>","protected":false},"excerpt":{"rendered":"<p>Aptamer-based ELISA like assay Aptamers constitute a good alternative to antibodies in ELISA-like tests (sometime termed ELONA). The test can be performed with two aptamers raised against two different sites of the target molecule. They can also be combined with an antibody. \u00a0Direct, indirect and sandwich configurations can be considered. Novaptech aptaswitch-aptakiss combination is of particular interest for the detection and quantification of small molecules. See for instance as an example of &#8220;sandwich assay&#8221;:\u00a0 Scarano, S., Dausse, E., Crispo, F., Toulm\u00e9, J.-J., &amp; Minunni, M. (2015).\u00a0Design of a dual aptamer-based recognition strategy for human matrix metalloproteinase 9 protein by piezoelectric biosensors.\u00a0Analytica Chimica Acta,\u00a0897.<\/p>","protected":false},"author":1,"featured_media":0,"parent":1339,"menu_order":0,"comment_status":"closed","ping_status":"closed","template":"elementor_header_footer","meta":{"footnotes":""},"class_list":["post-1395","page","type-page","status-publish","hentry"],"yoast_head":"<!-- This site is optimized with the Yoast SEO plugin v27.2 - https:\/\/yoast.com\/product\/yoast-seo-wordpress\/ -->\n<title>Aptamer-based ELISA like assay - Novaptech<\/title>\n<meta name=\"robots\" content=\"index, follow, max-snippet:-1, max-image-preview:large, max-video-preview:-1\" \/>\n<link rel=\"canonical\" href=\"https:\/\/novaptech.com\/fr\/portfolio_page\/aptamer-based-elisa-like-assay\/\" \/>\n<meta property=\"og:locale\" content=\"fr_FR\" \/>\n<meta property=\"og:type\" content=\"article\" \/>\n<meta property=\"og:title\" content=\"Aptamer-based ELISA like assay - Novaptech\" \/>\n<meta property=\"og:description\" content=\"Aptamer-based ELISA like assay Aptamers constitute a good alternative to antibodies in ELISA-like tests (sometime termed ELONA). The test can be performed with two aptamers raised against two different sites of the target molecule. They can also be combined with an antibody. \u00a0Direct, indirect and sandwich configurations can be considered. Novaptech aptaswitch-aptakiss combination is of particular interest for the detection and quantification of small molecules. See for instance as an example of &#8220;sandwich assay&#8221;:\u00a0 Scarano, S., Dausse, E., Crispo, F., Toulm\u00e9, J.-J., &amp; Minunni, M. (2015).\u00a0Design of a dual aptamer-based recognition strategy for human matrix metalloproteinase 9 protein by piezoelectric biosensors.\u00a0Analytica Chimica Acta,\u00a0897.\" \/>\n<meta property=\"og:url\" content=\"https:\/\/novaptech.com\/fr\/portfolio_page\/aptamer-based-elisa-like-assay\/\" \/>\n<meta property=\"og:site_name\" content=\"Novaptech\" \/>\n<meta property=\"article:modified_time\" content=\"2025-02-11T14:13:54+00:00\" \/>\n<meta name=\"twitter:card\" content=\"summary_large_image\" \/>\n<meta name=\"twitter:label1\" content=\"Dur\u00e9e de lecture estim\u00e9e\" \/>\n\t<meta name=\"twitter:data1\" content=\"1 minute\" \/>\n<script type=\"application\/ld+json\" class=\"yoast-schema-graph\">{\"@context\":\"https:\/\/schema.org\",\"@graph\":[{\"@type\":\"WebPage\",\"@id\":\"https:\/\/novaptech.com\/portfolio_page\/aptamer-based-elisa-like-assay\/\",\"url\":\"https:\/\/novaptech.com\/portfolio_page\/aptamer-based-elisa-like-assay\/\",\"name\":\"Aptamer-based ELISA like assay - Novaptech\",\"isPartOf\":{\"@id\":\"https:\/\/novaptech.com\/en\/#website\"},\"datePublished\":\"2024-06-07T02:51:55+00:00\",\"dateModified\":\"2025-02-11T14:13:54+00:00\",\"breadcrumb\":{\"@id\":\"https:\/\/novaptech.com\/portfolio_page\/aptamer-based-elisa-like-assay\/#breadcrumb\"},\"inLanguage\":\"fr-FR\",\"potentialAction\":[{\"@type\":\"ReadAction\",\"target\":[\"https:\/\/novaptech.com\/portfolio_page\/aptamer-based-elisa-like-assay\/\"]}]},{\"@type\":\"BreadcrumbList\",\"@id\":\"https:\/\/novaptech.com\/portfolio_page\/aptamer-based-elisa-like-assay\/#breadcrumb\",\"itemListElement\":[{\"@type\":\"ListItem\",\"position\":1,\"name\":\"Home\",\"item\":\"https:\/\/novaptech.com\/en\/\"},{\"@type\":\"ListItem\",\"position\":2,\"name\":\"Portfolio page\",\"item\":\"https:\/\/novaptech.com\/portfolio_page\/\"},{\"@type\":\"ListItem\",\"position\":3,\"name\":\"Aptamer-based ELISA like assay\"}]},{\"@type\":\"WebSite\",\"@id\":\"https:\/\/novaptech.com\/en\/#website\",\"url\":\"https:\/\/novaptech.com\/en\/\",\"name\":\"Novaptech\",\"description\":\"\",\"publisher\":{\"@id\":\"https:\/\/novaptech.com\/en\/#organization\"},\"potentialAction\":[{\"@type\":\"SearchAction\",\"target\":{\"@type\":\"EntryPoint\",\"urlTemplate\":\"https:\/\/novaptech.com\/en\/?s={search_term_string}\"},\"query-input\":{\"@type\":\"PropertyValueSpecification\",\"valueRequired\":true,\"valueName\":\"search_term_string\"}}],\"inLanguage\":\"fr-FR\"},{\"@type\":\"Organization\",\"@id\":\"https:\/\/novaptech.com\/en\/#organization\",\"name\":\"Novaptech\",\"url\":\"https:\/\/novaptech.com\/en\/\",\"logo\":{\"@type\":\"ImageObject\",\"inLanguage\":\"fr-FR\",\"@id\":\"https:\/\/novaptech.com\/en\/#\/schema\/logo\/image\/\",\"url\":\"https:\/\/novaptech.com\/wp-content\/uploads\/2024\/06\/cropped-LOGO.png\",\"contentUrl\":\"https:\/\/novaptech.com\/wp-content\/uploads\/2024\/06\/cropped-LOGO.png\",\"width\":335,\"height\":140,\"caption\":\"Novaptech\"},\"image\":{\"@id\":\"https:\/\/novaptech.com\/en\/#\/schema\/logo\/image\/\"}}]}<\/script>\n<!-- \/ Yoast SEO plugin. -->","yoast_head_json":{"title":"Aptamer-based ELISA like assay - Novaptech","robots":{"index":"index","follow":"follow","max-snippet":"max-snippet:-1","max-image-preview":"max-image-preview:large","max-video-preview":"max-video-preview:-1"},"canonical":"https:\/\/novaptech.com\/fr\/portfolio_page\/aptamer-based-elisa-like-assay\/","og_locale":"fr_FR","og_type":"article","og_title":"Aptamer-based ELISA like assay - Novaptech","og_description":"Aptamer-based ELISA like assay Aptamers constitute a good alternative to antibodies in ELISA-like tests (sometime termed ELONA). The test can be performed with two aptamers raised against two different sites of the target molecule. They can also be combined with an antibody. \u00a0Direct, indirect and sandwich configurations can be considered. Novaptech aptaswitch-aptakiss combination is of particular interest for the detection and quantification of small molecules. See for instance as an example of &#8220;sandwich assay&#8221;:\u00a0 Scarano, S., Dausse, E., Crispo, F., Toulm\u00e9, J.-J., &amp; Minunni, M. (2015).\u00a0Design of a dual aptamer-based recognition strategy for human matrix metalloproteinase 9 protein by piezoelectric biosensors.\u00a0Analytica Chimica Acta,\u00a0897.","og_url":"https:\/\/novaptech.com\/fr\/portfolio_page\/aptamer-based-elisa-like-assay\/","og_site_name":"Novaptech","article_modified_time":"2025-02-11T14:13:54+00:00","twitter_card":"summary_large_image","twitter_misc":{"Dur\u00e9e de lecture estim\u00e9e":"1 minute"},"schema":{"@context":"https:\/\/schema.org","@graph":[{"@type":"WebPage","@id":"https:\/\/novaptech.com\/portfolio_page\/aptamer-based-elisa-like-assay\/","url":"https:\/\/novaptech.com\/portfolio_page\/aptamer-based-elisa-like-assay\/","name":"Aptamer-based ELISA like assay - Novaptech","isPartOf":{"@id":"https:\/\/novaptech.com\/en\/#website"},"datePublished":"2024-06-07T02:51:55+00:00","dateModified":"2025-02-11T14:13:54+00:00","breadcrumb":{"@id":"https:\/\/novaptech.com\/portfolio_page\/aptamer-based-elisa-like-assay\/#breadcrumb"},"inLanguage":"fr-FR","potentialAction":[{"@type":"ReadAction","target":["https:\/\/novaptech.com\/portfolio_page\/aptamer-based-elisa-like-assay\/"]}]},{"@type":"BreadcrumbList","@id":"https:\/\/novaptech.com\/portfolio_page\/aptamer-based-elisa-like-assay\/#breadcrumb","itemListElement":[{"@type":"ListItem","position":1,"name":"Home","item":"https:\/\/novaptech.com\/en\/"},{"@type":"ListItem","position":2,"name":"Portfolio page","item":"https:\/\/novaptech.com\/portfolio_page\/"},{"@type":"ListItem","position":3,"name":"Aptamer-based ELISA like assay"}]},{"@type":"WebSite","@id":"https:\/\/novaptech.com\/en\/#website","url":"https:\/\/novaptech.com\/en\/","name":"Novaptech","description":"","publisher":{"@id":"https:\/\/novaptech.com\/en\/#organization"},"potentialAction":[{"@type":"SearchAction","target":{"@type":"EntryPoint","urlTemplate":"https:\/\/novaptech.com\/en\/?s={search_term_string}"},"query-input":{"@type":"PropertyValueSpecification","valueRequired":true,"valueName":"search_term_string"}}],"inLanguage":"fr-FR"},{"@type":"Organization","@id":"https:\/\/novaptech.com\/en\/#organization","name":"Novaptech","url":"https:\/\/novaptech.com\/en\/","logo":{"@type":"ImageObject","inLanguage":"fr-FR","@id":"https:\/\/novaptech.com\/en\/#\/schema\/logo\/image\/","url":"https:\/\/novaptech.com\/wp-content\/uploads\/2024\/06\/cropped-LOGO.png","contentUrl":"https:\/\/novaptech.com\/wp-content\/uploads\/2024\/06\/cropped-LOGO.png","width":335,"height":140,"caption":"Novaptech"},"image":{"@id":"https:\/\/novaptech.com\/en\/#\/schema\/logo\/image\/"}}]}},"_links":{"self":[{"href":"https:\/\/novaptech.com\/fr\/wp-json\/wp\/v2\/pages\/1395","targetHints":{"allow":["GET"]}}],"collection":[{"href":"https:\/\/novaptech.com\/fr\/wp-json\/wp\/v2\/pages"}],"about":[{"href":"https:\/\/novaptech.com\/fr\/wp-json\/wp\/v2\/types\/page"}],"author":[{"embeddable":true,"href":"https:\/\/novaptech.com\/fr\/wp-json\/wp\/v2\/users\/1"}],"replies":[{"embeddable":true,"href":"https:\/\/novaptech.com\/fr\/wp-json\/wp\/v2\/comments?post=1395"}],"version-history":[{"count":16,"href":"https:\/\/novaptech.com\/fr\/wp-json\/wp\/v2\/pages\/1395\/revisions"}],"predecessor-version":[{"id":3423,"href":"https:\/\/novaptech.com\/fr\/wp-json\/wp\/v2\/pages\/1395\/revisions\/3423"}],"up":[{"embeddable":true,"href":"https:\/\/novaptech.com\/fr\/wp-json\/wp\/v2\/pages\/1339"}],"wp:attachment":[{"href":"https:\/\/novaptech.com\/fr\/wp-json\/wp\/v2\/media?parent=1395"}],"curies":[{"name":"wp","href":"https:\/\/api.w.org\/{rel}","templated":true}]}}