{"id":1397,"date":"2024-06-07T02:53:26","date_gmt":"2024-06-07T02:53:26","guid":{"rendered":"https:\/\/novaptech.com\/?page_id=1397"},"modified":"2025-02-07T13:09:10","modified_gmt":"2025-02-07T13:09:10","slug":"aptamer-based-biosensors","status":"publish","type":"page","link":"https:\/\/novaptech.com\/fr\/portfolio_page\/aptamer-based-biosensors\/","title":{"rendered":"Biocapteur bas\u00e9 sur les aptam\u00e8res"},"content":{"rendered":"<div data-elementor-type=\"wp-page\" data-elementor-id=\"1397\" class=\"elementor elementor-1397\">\n\t\t\t\t<div class=\"elementor-element elementor-element-6b1a165 e-flex e-con-boxed wpr-particle-no wpr-jarallax-no wpr-parallax-no wpr-sticky-section-no e-con e-parent\" data-id=\"6b1a165\" data-element_type=\"container\" data-e-type=\"container\">\n\t\t\t\t\t<div class=\"e-con-inner\">\n\t\t\t\t<div class=\"elementor-element elementor-element-d3d2d1b elementor-widget elementor-widget-heading\" data-id=\"d3d2d1b\" data-element_type=\"widget\" data-e-type=\"widget\" data-widget_type=\"heading.default\">\n\t\t\t\t<div class=\"elementor-widget-container\">\n\t\t\t\t\t<h1 class=\"elementor-heading-title elementor-size-default\">Biocapteur bas\u00e9 sur les aptam\u00e8res<\/h1>\t\t\t\t<\/div>\n\t\t\t\t<\/div>\n\t\t\t\t<div class=\"elementor-element elementor-element-67ae0fa elementor-widget elementor-widget-text-editor\" data-id=\"67ae0fa\" data-element_type=\"widget\" data-e-type=\"widget\" data-widget_type=\"text-editor.default\">\n\t\t\t\t<div class=\"elementor-widget-container\">\n\t\t\t\t\t\t\t\t\t<p>Un biocapteur est un dispositif qui d\u00e9tecte la pr\u00e9sence d'une cible. Les aptam\u00e8res constituent la partie \u00ab bio \u00bb des biocapteurs pour la d\u00e9tection de tout type de cible : petites mol\u00e9cules, prot\u00e9ines, cellules. Les aptam\u00e8res peuvent \u00eatre associ\u00e9s \u00e0 diff\u00e9rentes modalit\u00e9s de transduction du signal : fluorescence, colorim\u00e9trie, \u00e9lectrochimie, etc. La technologie NOVAswitch pr\u00e9sente un int\u00e9r\u00eat particulier pour la conception de biocapteurs d\u00e9di\u00e9s aux petites mol\u00e9cules. En effet, nous avons d\u00e9velopp\u00e9 des capteurs pour la d\u00e9tection des fongicides et des antibiotiques.<span style=\"color: #333333; font-family: 'Segoe UI', sans-serif; font-size: 12pt; text-align: start;\">\u00a0<\/span><\/p>\t\t\t\t\t\t\t\t<\/div>\n\t\t\t\t<\/div>\n\t\t\t\t\t<\/div>\n\t\t\t\t<\/div>\n\t\t\t\t<\/div>","protected":false},"excerpt":{"rendered":"<p>Aptamer-based biosensors A biosensor is a device that signals the presence of a target. Aptamers are the \u00ab bio \u00bb part of biosensors for the detection of any kind of target: small molecules, proteins, cells. Aptamers can be associated with different modalities of signal transduction: fluorescence, colorimetry, electrochemistry, etc. The Novaswitch technology is of particular interest for engineering biosensors for small molecules. Indeed, we developed sensors for detecting fungicides and antibiotics.\u00a0<\/p>","protected":false},"author":1,"featured_media":0,"parent":1339,"menu_order":0,"comment_status":"closed","ping_status":"closed","template":"elementor_header_footer","meta":{"footnotes":""},"class_list":["post-1397","page","type-page","status-publish","hentry"],"yoast_head":"<!-- This site is optimized with the Yoast SEO plugin v27.2 - https:\/\/yoast.com\/product\/yoast-seo-wordpress\/ -->\n<title>Aptamer-based biosensors - Novaptech<\/title>\n<meta name=\"robots\" content=\"index, follow, max-snippet:-1, max-image-preview:large, max-video-preview:-1\" \/>\n<link rel=\"canonical\" href=\"https:\/\/novaptech.com\/fr\/portfolio_page\/aptamer-based-biosensors\/\" \/>\n<meta property=\"og:locale\" content=\"fr_FR\" \/>\n<meta property=\"og:type\" content=\"article\" \/>\n<meta property=\"og:title\" content=\"Aptamer-based biosensors - Novaptech\" \/>\n<meta property=\"og:description\" content=\"Aptamer-based biosensors A biosensor is a device that signals the presence of a target. Aptamers are the \u00ab bio \u00bb part of biosensors for the detection of any kind of target: small molecules, proteins, cells. Aptamers can be associated with different modalities of signal transduction: fluorescence, colorimetry, electrochemistry, etc. The Novaswitch technology is of particular interest for engineering biosensors for small molecules. Indeed, we developed sensors for detecting fungicides and antibiotics.\u00a0\" \/>\n<meta property=\"og:url\" content=\"https:\/\/novaptech.com\/fr\/portfolio_page\/aptamer-based-biosensors\/\" \/>\n<meta property=\"og:site_name\" content=\"Novaptech\" \/>\n<meta property=\"article:modified_time\" content=\"2025-02-07T13:09:10+00:00\" \/>\n<meta name=\"twitter:card\" content=\"summary_large_image\" \/>\n<meta name=\"twitter:label1\" content=\"Dur\u00e9e de lecture estim\u00e9e\" \/>\n\t<meta name=\"twitter:data1\" content=\"1 minute\" \/>\n<script type=\"application\/ld+json\" class=\"yoast-schema-graph\">{\"@context\":\"https:\/\/schema.org\",\"@graph\":[{\"@type\":\"WebPage\",\"@id\":\"https:\/\/novaptech.com\/portfolio_page\/aptamer-based-biosensors\/\",\"url\":\"https:\/\/novaptech.com\/portfolio_page\/aptamer-based-biosensors\/\",\"name\":\"Aptamer-based biosensors - Novaptech\",\"isPartOf\":{\"@id\":\"https:\/\/novaptech.com\/en\/#website\"},\"datePublished\":\"2024-06-07T02:53:26+00:00\",\"dateModified\":\"2025-02-07T13:09:10+00:00\",\"breadcrumb\":{\"@id\":\"https:\/\/novaptech.com\/portfolio_page\/aptamer-based-biosensors\/#breadcrumb\"},\"inLanguage\":\"fr-FR\",\"potentialAction\":[{\"@type\":\"ReadAction\",\"target\":[\"https:\/\/novaptech.com\/portfolio_page\/aptamer-based-biosensors\/\"]}]},{\"@type\":\"BreadcrumbList\",\"@id\":\"https:\/\/novaptech.com\/portfolio_page\/aptamer-based-biosensors\/#breadcrumb\",\"itemListElement\":[{\"@type\":\"ListItem\",\"position\":1,\"name\":\"Home\",\"item\":\"https:\/\/novaptech.com\/en\/\"},{\"@type\":\"ListItem\",\"position\":2,\"name\":\"Portfolio page\",\"item\":\"https:\/\/novaptech.com\/portfolio_page\/\"},{\"@type\":\"ListItem\",\"position\":3,\"name\":\"Aptamer-based biosensors\"}]},{\"@type\":\"WebSite\",\"@id\":\"https:\/\/novaptech.com\/en\/#website\",\"url\":\"https:\/\/novaptech.com\/en\/\",\"name\":\"Novaptech\",\"description\":\"\",\"publisher\":{\"@id\":\"https:\/\/novaptech.com\/en\/#organization\"},\"potentialAction\":[{\"@type\":\"SearchAction\",\"target\":{\"@type\":\"EntryPoint\",\"urlTemplate\":\"https:\/\/novaptech.com\/en\/?s={search_term_string}\"},\"query-input\":{\"@type\":\"PropertyValueSpecification\",\"valueRequired\":true,\"valueName\":\"search_term_string\"}}],\"inLanguage\":\"fr-FR\"},{\"@type\":\"Organization\",\"@id\":\"https:\/\/novaptech.com\/en\/#organization\",\"name\":\"Novaptech\",\"url\":\"https:\/\/novaptech.com\/en\/\",\"logo\":{\"@type\":\"ImageObject\",\"inLanguage\":\"fr-FR\",\"@id\":\"https:\/\/novaptech.com\/en\/#\/schema\/logo\/image\/\",\"url\":\"https:\/\/novaptech.com\/wp-content\/uploads\/2024\/06\/cropped-LOGO.png\",\"contentUrl\":\"https:\/\/novaptech.com\/wp-content\/uploads\/2024\/06\/cropped-LOGO.png\",\"width\":335,\"height\":140,\"caption\":\"Novaptech\"},\"image\":{\"@id\":\"https:\/\/novaptech.com\/en\/#\/schema\/logo\/image\/\"}}]}<\/script>\n<!-- \/ Yoast SEO plugin. -->","yoast_head_json":{"title":"Aptamer-based biosensors - Novaptech","robots":{"index":"index","follow":"follow","max-snippet":"max-snippet:-1","max-image-preview":"max-image-preview:large","max-video-preview":"max-video-preview:-1"},"canonical":"https:\/\/novaptech.com\/fr\/portfolio_page\/aptamer-based-biosensors\/","og_locale":"fr_FR","og_type":"article","og_title":"Aptamer-based biosensors - Novaptech","og_description":"Aptamer-based biosensors A biosensor is a device that signals the presence of a target. Aptamers are the \u00ab bio \u00bb part of biosensors for the detection of any kind of target: small molecules, proteins, cells. Aptamers can be associated with different modalities of signal transduction: fluorescence, colorimetry, electrochemistry, etc. The Novaswitch technology is of particular interest for engineering biosensors for small molecules. Indeed, we developed sensors for detecting fungicides and antibiotics.\u00a0","og_url":"https:\/\/novaptech.com\/fr\/portfolio_page\/aptamer-based-biosensors\/","og_site_name":"Novaptech","article_modified_time":"2025-02-07T13:09:10+00:00","twitter_card":"summary_large_image","twitter_misc":{"Dur\u00e9e de lecture estim\u00e9e":"1 minute"},"schema":{"@context":"https:\/\/schema.org","@graph":[{"@type":"WebPage","@id":"https:\/\/novaptech.com\/portfolio_page\/aptamer-based-biosensors\/","url":"https:\/\/novaptech.com\/portfolio_page\/aptamer-based-biosensors\/","name":"Aptamer-based biosensors - Novaptech","isPartOf":{"@id":"https:\/\/novaptech.com\/en\/#website"},"datePublished":"2024-06-07T02:53:26+00:00","dateModified":"2025-02-07T13:09:10+00:00","breadcrumb":{"@id":"https:\/\/novaptech.com\/portfolio_page\/aptamer-based-biosensors\/#breadcrumb"},"inLanguage":"fr-FR","potentialAction":[{"@type":"ReadAction","target":["https:\/\/novaptech.com\/portfolio_page\/aptamer-based-biosensors\/"]}]},{"@type":"BreadcrumbList","@id":"https:\/\/novaptech.com\/portfolio_page\/aptamer-based-biosensors\/#breadcrumb","itemListElement":[{"@type":"ListItem","position":1,"name":"Home","item":"https:\/\/novaptech.com\/en\/"},{"@type":"ListItem","position":2,"name":"Portfolio page","item":"https:\/\/novaptech.com\/portfolio_page\/"},{"@type":"ListItem","position":3,"name":"Aptamer-based biosensors"}]},{"@type":"WebSite","@id":"https:\/\/novaptech.com\/en\/#website","url":"https:\/\/novaptech.com\/en\/","name":"Novaptech","description":"","publisher":{"@id":"https:\/\/novaptech.com\/en\/#organization"},"potentialAction":[{"@type":"SearchAction","target":{"@type":"EntryPoint","urlTemplate":"https:\/\/novaptech.com\/en\/?s={search_term_string}"},"query-input":{"@type":"PropertyValueSpecification","valueRequired":true,"valueName":"search_term_string"}}],"inLanguage":"fr-FR"},{"@type":"Organization","@id":"https:\/\/novaptech.com\/en\/#organization","name":"Novaptech","url":"https:\/\/novaptech.com\/en\/","logo":{"@type":"ImageObject","inLanguage":"fr-FR","@id":"https:\/\/novaptech.com\/en\/#\/schema\/logo\/image\/","url":"https:\/\/novaptech.com\/wp-content\/uploads\/2024\/06\/cropped-LOGO.png","contentUrl":"https:\/\/novaptech.com\/wp-content\/uploads\/2024\/06\/cropped-LOGO.png","width":335,"height":140,"caption":"Novaptech"},"image":{"@id":"https:\/\/novaptech.com\/en\/#\/schema\/logo\/image\/"}}]}},"_links":{"self":[{"href":"https:\/\/novaptech.com\/fr\/wp-json\/wp\/v2\/pages\/1397","targetHints":{"allow":["GET"]}}],"collection":[{"href":"https:\/\/novaptech.com\/fr\/wp-json\/wp\/v2\/pages"}],"about":[{"href":"https:\/\/novaptech.com\/fr\/wp-json\/wp\/v2\/types\/page"}],"author":[{"embeddable":true,"href":"https:\/\/novaptech.com\/fr\/wp-json\/wp\/v2\/users\/1"}],"replies":[{"embeddable":true,"href":"https:\/\/novaptech.com\/fr\/wp-json\/wp\/v2\/comments?post=1397"}],"version-history":[{"count":7,"href":"https:\/\/novaptech.com\/fr\/wp-json\/wp\/v2\/pages\/1397\/revisions"}],"predecessor-version":[{"id":3094,"href":"https:\/\/novaptech.com\/fr\/wp-json\/wp\/v2\/pages\/1397\/revisions\/3094"}],"up":[{"embeddable":true,"href":"https:\/\/novaptech.com\/fr\/wp-json\/wp\/v2\/pages\/1339"}],"wp:attachment":[{"href":"https:\/\/novaptech.com\/fr\/wp-json\/wp\/v2\/media?parent=1397"}],"curies":[{"name":"wp","href":"https:\/\/api.w.org\/{rel}","templated":true}]}}