{"id":1419,"date":"2024-06-07T02:57:04","date_gmt":"2024-06-07T02:57:04","guid":{"rendered":"https:\/\/novaptech.com\/?page_id=1419"},"modified":"2025-02-11T14:14:35","modified_gmt":"2025-02-11T14:14:35","slug":"aptamer-based-probes-for-biomedical-imaging-2","status":"publish","type":"page","link":"https:\/\/novaptech.com\/fr\/portfolio_page\/aptamer-based-probes-for-biomedical-imaging-2\/","title":{"rendered":"Sondes d'imagerie biom\u00e9dicale bas\u00e9es sur les aptam\u00e8res"},"content":{"rendered":"<div data-elementor-type=\"wp-page\" data-elementor-id=\"1419\" class=\"elementor elementor-1419\">\n\t\t\t\t<div class=\"elementor-element elementor-element-6b1a165 e-flex e-con-boxed wpr-particle-no wpr-jarallax-no wpr-parallax-no wpr-sticky-section-no e-con e-parent\" data-id=\"6b1a165\" data-element_type=\"container\" data-e-type=\"container\">\n\t\t\t\t\t<div class=\"e-con-inner\">\n\t\t\t\t<div class=\"elementor-element elementor-element-d3d2d1b elementor-widget elementor-widget-heading\" data-id=\"d3d2d1b\" data-element_type=\"widget\" data-e-type=\"widget\" data-widget_type=\"heading.default\">\n\t\t\t\t<div class=\"elementor-widget-container\">\n\t\t\t\t\t<h1 class=\"elementor-heading-title elementor-size-default\">Sondes d'imagerie biom\u00e9dicale bas\u00e9es sur les aptam\u00e8res\n<\/h1>\t\t\t\t<\/div>\n\t\t\t\t<\/div>\n\t\t\t\t<div class=\"elementor-element elementor-element-67ae0fa elementor-widget elementor-widget-text-editor\" data-id=\"67ae0fa\" data-element_type=\"widget\" data-e-type=\"widget\" data-widget_type=\"text-editor.default\">\n\t\t\t\t<div class=\"elementor-widget-container\">\n\t\t\t\t\t\t\t\t\t<p>Les aptam\u00e8res peuvent \u00eatre d\u00e9velopp\u00e9s contre des biomarqueurs. Une fois s\u00e9lectionn\u00e9s, ces aptam\u00e8res sont facilement conjugu\u00e9s \u00e0 divers groupements fonctionnels, permettant leur visualisation par fluorescence, scintigraphie, r\u00e9sonance magn\u00e9tique et, par cons\u00e9quent, l'imagerie des cellules ou des tissus. Les sondes aptam\u00e8res fluorescentes peuvent \u00e9galement \u00eatre utilis\u00e9es pour le tri cellulaire (analyse FACS).<\/p><p><span style=\"color: #808080;\">Voir par exemple\u00a0<\/span><\/p><p><span style=\"color: #808080;\">Kryza, D., Debordeaux, F., Az\u00e9ma, L., Hassan, A., Paurelle, O., Schulz, J., Savona-Baron, C., Charignon, E., Bonazza, P., Taleb, J., Fernandez, P., Janier, M., &amp; Toulm\u00e9, J.-J. (2016). <strong><span style=\"color: #808080;\"><a style=\"color: #808080;\" href=\"https:\/\/journals.plos.org\/plosone\/article?id=10.1371\/journal.pone.0149387\" target=\"_blank\" rel=\"noopener\">Ex Vivo and In Vivo Imaging and Biodistribution of Aptamers Targeting the Human Matrix Metalloprotease-9 in Melanomas<\/a><\/span>.<\/strong> <em>PLOS ONE<\/em>, Published: February 22, 2016.<\/span><\/p>\t\t\t\t\t\t\t\t<\/div>\n\t\t\t\t<\/div>\n\t\t\t\t\t<\/div>\n\t\t\t\t<\/div>\n\t\t\t\t<\/div>","protected":false},"excerpt":{"rendered":"<p>Aptamer-based probes for biomedical imaging Aptamers can be raised against biomarkers. Once selected such aptamers are easily conjugated to diverse pending groups allowing their visualization by fluorescence, scintigraphy, magnetic resonance and consequenty imaging cells or tissues. Fluorescent aptamer probes can also be used for sorting cells (FACS analysis). See for instance :\u00a0 Kryza, D., Debordeaux, F., Az\u00e9ma, L., Hassan, A., Paurelle, O., Schulz, J., Savona-Baron, C., Charignon, E., Bonazza, P., Taleb, J., Fernandez, P., Janier, M., &amp; Toulm\u00e9, J.-J. (2016). Ex Vivo and In Vivo Imaging and Biodistribution of Aptamers Targeting the Human Matrix Metalloprotease-9 in Melanomas. PLOS ONE, Published: February 22, 2016.<\/p>","protected":false},"author":1,"featured_media":0,"parent":1339,"menu_order":0,"comment_status":"closed","ping_status":"closed","template":"elementor_header_footer","meta":{"footnotes":""},"class_list":["post-1419","page","type-page","status-publish","hentry"],"yoast_head":"<!-- This site is optimized with the Yoast SEO plugin v27.2 - https:\/\/yoast.com\/product\/yoast-seo-wordpress\/ -->\n<title>Aptamer-based probes for biomedical imaging - Novaptech<\/title>\n<meta name=\"robots\" content=\"index, follow, max-snippet:-1, max-image-preview:large, max-video-preview:-1\" \/>\n<link rel=\"canonical\" href=\"https:\/\/novaptech.com\/fr\/portfolio_page\/aptamer-based-probes-for-biomedical-imaging-2\/\" \/>\n<meta property=\"og:locale\" content=\"fr_FR\" \/>\n<meta property=\"og:type\" content=\"article\" \/>\n<meta property=\"og:title\" content=\"Aptamer-based probes for biomedical imaging - Novaptech\" \/>\n<meta property=\"og:description\" content=\"Aptamer-based probes for biomedical imaging Aptamers can be raised against biomarkers. Once selected such aptamers are easily conjugated to diverse pending groups allowing their visualization by fluorescence, scintigraphy, magnetic resonance and consequenty imaging cells or tissues. Fluorescent aptamer probes can also be used for sorting cells (FACS analysis). See for instance :\u00a0 Kryza, D., Debordeaux, F., Az\u00e9ma, L., Hassan, A., Paurelle, O., Schulz, J., Savona-Baron, C., Charignon, E., Bonazza, P., Taleb, J., Fernandez, P., Janier, M., &amp; Toulm\u00e9, J.-J. (2016). Ex Vivo and In Vivo Imaging and Biodistribution of Aptamers Targeting the Human Matrix Metalloprotease-9 in Melanomas. PLOS ONE, Published: February 22, 2016.\" \/>\n<meta property=\"og:url\" content=\"https:\/\/novaptech.com\/fr\/portfolio_page\/aptamer-based-probes-for-biomedical-imaging-2\/\" \/>\n<meta property=\"og:site_name\" content=\"Novaptech\" \/>\n<meta property=\"article:modified_time\" content=\"2025-02-11T14:14:35+00:00\" \/>\n<meta name=\"twitter:card\" content=\"summary_large_image\" \/>\n<meta name=\"twitter:label1\" content=\"Dur\u00e9e de lecture estim\u00e9e\" \/>\n\t<meta name=\"twitter:data1\" content=\"1 minute\" \/>\n<script type=\"application\/ld+json\" class=\"yoast-schema-graph\">{\"@context\":\"https:\/\/schema.org\",\"@graph\":[{\"@type\":\"WebPage\",\"@id\":\"https:\/\/novaptech.com\/portfolio_page\/aptamer-based-probes-for-biomedical-imaging-2\/\",\"url\":\"https:\/\/novaptech.com\/portfolio_page\/aptamer-based-probes-for-biomedical-imaging-2\/\",\"name\":\"Aptamer-based probes for biomedical imaging - Novaptech\",\"isPartOf\":{\"@id\":\"https:\/\/novaptech.com\/en\/#website\"},\"datePublished\":\"2024-06-07T02:57:04+00:00\",\"dateModified\":\"2025-02-11T14:14:35+00:00\",\"breadcrumb\":{\"@id\":\"https:\/\/novaptech.com\/portfolio_page\/aptamer-based-probes-for-biomedical-imaging-2\/#breadcrumb\"},\"inLanguage\":\"fr-FR\",\"potentialAction\":[{\"@type\":\"ReadAction\",\"target\":[\"https:\/\/novaptech.com\/portfolio_page\/aptamer-based-probes-for-biomedical-imaging-2\/\"]}]},{\"@type\":\"BreadcrumbList\",\"@id\":\"https:\/\/novaptech.com\/portfolio_page\/aptamer-based-probes-for-biomedical-imaging-2\/#breadcrumb\",\"itemListElement\":[{\"@type\":\"ListItem\",\"position\":1,\"name\":\"Home\",\"item\":\"https:\/\/novaptech.com\/en\/\"},{\"@type\":\"ListItem\",\"position\":2,\"name\":\"Portfolio page\",\"item\":\"https:\/\/novaptech.com\/portfolio_page\/\"},{\"@type\":\"ListItem\",\"position\":3,\"name\":\"Aptamer-based probes for biomedical imaging\"}]},{\"@type\":\"WebSite\",\"@id\":\"https:\/\/novaptech.com\/en\/#website\",\"url\":\"https:\/\/novaptech.com\/en\/\",\"name\":\"Novaptech\",\"description\":\"\",\"publisher\":{\"@id\":\"https:\/\/novaptech.com\/en\/#organization\"},\"potentialAction\":[{\"@type\":\"SearchAction\",\"target\":{\"@type\":\"EntryPoint\",\"urlTemplate\":\"https:\/\/novaptech.com\/en\/?s={search_term_string}\"},\"query-input\":{\"@type\":\"PropertyValueSpecification\",\"valueRequired\":true,\"valueName\":\"search_term_string\"}}],\"inLanguage\":\"fr-FR\"},{\"@type\":\"Organization\",\"@id\":\"https:\/\/novaptech.com\/en\/#organization\",\"name\":\"Novaptech\",\"url\":\"https:\/\/novaptech.com\/en\/\",\"logo\":{\"@type\":\"ImageObject\",\"inLanguage\":\"fr-FR\",\"@id\":\"https:\/\/novaptech.com\/en\/#\/schema\/logo\/image\/\",\"url\":\"https:\/\/novaptech.com\/wp-content\/uploads\/2024\/06\/cropped-LOGO.png\",\"contentUrl\":\"https:\/\/novaptech.com\/wp-content\/uploads\/2024\/06\/cropped-LOGO.png\",\"width\":335,\"height\":140,\"caption\":\"Novaptech\"},\"image\":{\"@id\":\"https:\/\/novaptech.com\/en\/#\/schema\/logo\/image\/\"}}]}<\/script>\n<!-- \/ Yoast SEO plugin. -->","yoast_head_json":{"title":"Aptamer-based probes for biomedical imaging - Novaptech","robots":{"index":"index","follow":"follow","max-snippet":"max-snippet:-1","max-image-preview":"max-image-preview:large","max-video-preview":"max-video-preview:-1"},"canonical":"https:\/\/novaptech.com\/fr\/portfolio_page\/aptamer-based-probes-for-biomedical-imaging-2\/","og_locale":"fr_FR","og_type":"article","og_title":"Aptamer-based probes for biomedical imaging - Novaptech","og_description":"Aptamer-based probes for biomedical imaging Aptamers can be raised against biomarkers. Once selected such aptamers are easily conjugated to diverse pending groups allowing their visualization by fluorescence, scintigraphy, magnetic resonance and consequenty imaging cells or tissues. Fluorescent aptamer probes can also be used for sorting cells (FACS analysis). See for instance :\u00a0 Kryza, D., Debordeaux, F., Az\u00e9ma, L., Hassan, A., Paurelle, O., Schulz, J., Savona-Baron, C., Charignon, E., Bonazza, P., Taleb, J., Fernandez, P., Janier, M., &amp; Toulm\u00e9, J.-J. (2016). Ex Vivo and In Vivo Imaging and Biodistribution of Aptamers Targeting the Human Matrix Metalloprotease-9 in Melanomas. PLOS ONE, Published: February 22, 2016.","og_url":"https:\/\/novaptech.com\/fr\/portfolio_page\/aptamer-based-probes-for-biomedical-imaging-2\/","og_site_name":"Novaptech","article_modified_time":"2025-02-11T14:14:35+00:00","twitter_card":"summary_large_image","twitter_misc":{"Dur\u00e9e de lecture estim\u00e9e":"1 minute"},"schema":{"@context":"https:\/\/schema.org","@graph":[{"@type":"WebPage","@id":"https:\/\/novaptech.com\/portfolio_page\/aptamer-based-probes-for-biomedical-imaging-2\/","url":"https:\/\/novaptech.com\/portfolio_page\/aptamer-based-probes-for-biomedical-imaging-2\/","name":"Aptamer-based probes for biomedical imaging - Novaptech","isPartOf":{"@id":"https:\/\/novaptech.com\/en\/#website"},"datePublished":"2024-06-07T02:57:04+00:00","dateModified":"2025-02-11T14:14:35+00:00","breadcrumb":{"@id":"https:\/\/novaptech.com\/portfolio_page\/aptamer-based-probes-for-biomedical-imaging-2\/#breadcrumb"},"inLanguage":"fr-FR","potentialAction":[{"@type":"ReadAction","target":["https:\/\/novaptech.com\/portfolio_page\/aptamer-based-probes-for-biomedical-imaging-2\/"]}]},{"@type":"BreadcrumbList","@id":"https:\/\/novaptech.com\/portfolio_page\/aptamer-based-probes-for-biomedical-imaging-2\/#breadcrumb","itemListElement":[{"@type":"ListItem","position":1,"name":"Home","item":"https:\/\/novaptech.com\/en\/"},{"@type":"ListItem","position":2,"name":"Portfolio page","item":"https:\/\/novaptech.com\/portfolio_page\/"},{"@type":"ListItem","position":3,"name":"Aptamer-based probes for biomedical imaging"}]},{"@type":"WebSite","@id":"https:\/\/novaptech.com\/en\/#website","url":"https:\/\/novaptech.com\/en\/","name":"Novaptech","description":"","publisher":{"@id":"https:\/\/novaptech.com\/en\/#organization"},"potentialAction":[{"@type":"SearchAction","target":{"@type":"EntryPoint","urlTemplate":"https:\/\/novaptech.com\/en\/?s={search_term_string}"},"query-input":{"@type":"PropertyValueSpecification","valueRequired":true,"valueName":"search_term_string"}}],"inLanguage":"fr-FR"},{"@type":"Organization","@id":"https:\/\/novaptech.com\/en\/#organization","name":"Novaptech","url":"https:\/\/novaptech.com\/en\/","logo":{"@type":"ImageObject","inLanguage":"fr-FR","@id":"https:\/\/novaptech.com\/en\/#\/schema\/logo\/image\/","url":"https:\/\/novaptech.com\/wp-content\/uploads\/2024\/06\/cropped-LOGO.png","contentUrl":"https:\/\/novaptech.com\/wp-content\/uploads\/2024\/06\/cropped-LOGO.png","width":335,"height":140,"caption":"Novaptech"},"image":{"@id":"https:\/\/novaptech.com\/en\/#\/schema\/logo\/image\/"}}]}},"_links":{"self":[{"href":"https:\/\/novaptech.com\/fr\/wp-json\/wp\/v2\/pages\/1419","targetHints":{"allow":["GET"]}}],"collection":[{"href":"https:\/\/novaptech.com\/fr\/wp-json\/wp\/v2\/pages"}],"about":[{"href":"https:\/\/novaptech.com\/fr\/wp-json\/wp\/v2\/types\/page"}],"author":[{"embeddable":true,"href":"https:\/\/novaptech.com\/fr\/wp-json\/wp\/v2\/users\/1"}],"replies":[{"embeddable":true,"href":"https:\/\/novaptech.com\/fr\/wp-json\/wp\/v2\/comments?post=1419"}],"version-history":[{"count":13,"href":"https:\/\/novaptech.com\/fr\/wp-json\/wp\/v2\/pages\/1419\/revisions"}],"predecessor-version":[{"id":3427,"href":"https:\/\/novaptech.com\/fr\/wp-json\/wp\/v2\/pages\/1419\/revisions\/3427"}],"up":[{"embeddable":true,"href":"https:\/\/novaptech.com\/fr\/wp-json\/wp\/v2\/pages\/1339"}],"wp:attachment":[{"href":"https:\/\/novaptech.com\/fr\/wp-json\/wp\/v2\/media?parent=1419"}],"curies":[{"name":"wp","href":"https:\/\/api.w.org\/{rel}","templated":true}]}}